{"id":18,"date":"2023-04-18T15:27:14","date_gmt":"2023-04-18T13:27:14","guid":{"rendered":"https:\/\/hotelalf.cz\/?page_id=18"},"modified":"2023-06-15T14:53:35","modified_gmt":"2023-06-15T12:53:35","slug":"pivovar","status":"publish","type":"page","link":"http:\/\/hotelalf.cz\/en\/pivovar\/","title":{"rendered":"Pivovar"},"content":{"rendered":"<div data-elementor-type=\"wp-page\" data-elementor-id=\"18\" class=\"elementor elementor-18\">\n\t\t\t\t\t\t<section class=\"elementor-section elementor-top-section elementor-element elementor-element-c7d73ec elementor-section-full_width elementor-section-height-min-height elementor-section-stretched elementor-section-height-default elementor-section-items-middle\" data-id=\"c7d73ec\" data-element_type=\"section\" data-settings=\"{&quot;background_background&quot;:&quot;classic&quot;,&quot;stretch_section&quot;:&quot;section-stretched&quot;}\">\n\t\t\t\t\t\t<div class=\"elementor-container elementor-column-gap-default\">\n\t\t\t\t\t<div class=\"elementor-column elementor-col-100 elementor-top-column elementor-element elementor-element-41f032d\" data-id=\"41f032d\" data-element_type=\"column\">\n\t\t\t<div class=\"elementor-widget-wrap\">\n\t\t\t\t\t\t\t<\/div>\n\t\t<\/div>\n\t\t\t\t\t<\/div>\n\t\t<\/section>\n\t\t\t\t<section class=\"elementor-section elementor-top-section elementor-element elementor-element-afa0ec0 elementor-section-full_width elementor-section-height-min-height elementor-section-stretched search-bar elementor-section-height-default elementor-section-items-middle\" data-id=\"afa0ec0\" data-element_type=\"section\" data-settings=\"{&quot;stretch_section&quot;:&quot;section-stretched&quot;,&quot;background_background&quot;:&quot;classic&quot;}\">\n\t\t\t\t\t\t<div class=\"elementor-container elementor-column-gap-default\">\n\t\t\t\t\t<div class=\"elementor-column elementor-col-100 elementor-top-column elementor-element elementor-element-80897dd\" data-id=\"80897dd\" data-element_type=\"column\">\n\t\t\t<div class=\"elementor-widget-wrap elementor-element-populated\">\n\t\t\t\t\t\t<div class=\"elementor-element elementor-element-fcca49a elementor-widget elementor-widget-text-editor\" data-id=\"fcca49a\" data-element_type=\"widget\" data-widget_type=\"text-editor.default\">\n\t\t\t\t<div class=\"elementor-widget-container\">\n\t\t\t\t\t\t\t\t\t    <form method=\"get\" action=\"https:\/\/wubook.net\/wbkd\/wbk\/?lcode=1543445812\" class=\"form_search\">\n        <input id=\"date-picker\" onchange=\"handleDate(this)\" name=\"date\" type=\"date\" placeholder=\" ARRIVAL - DEPARTURE\" \/>\n        <input id=\"dfrom\" type=\"hidden\" name=\"dfrom\">\n        <input id=\"dto\" type=\"hidden\" name=\"dto\">\n        <div class=\"room-container\">\n          <div id=\"room-output\" onclick=\"toggleRoomChoices()\"><span id=\"room-text\">GUESTS<\/span> <img decoding=\"async\" src=\"https:\/\/siestacloudlivestorage.azureedge.net\/default\/e239dd8a-0399-4af2-a514-65acb176fd42.svg\" alt=\"\"><\/div>\n          <input id=\"room-picker\" type=\"hidden\" name=\"occupancies\" value=\"none\"\/>\n          <div id=\"room-range\">\n            <div class=\"number-input\">\n                <label for=\"guest\">Po\u010det host\u016f:<\/label>\n                <div class=\"button-container\">\n                  <button type=\"button\" class=\"decrement\">&#8211;<\/button>\n                  <input id=\"guest-count\" type=\"text\" name=\"guest\" class=\"number\" value=\"2\">\n                  <button type=\"button\" class=\"increment\">+<\/button>\n                <\/div>\n              <\/div>\n            \n              <div class=\"number-input\">\n                <label for=\"room\">Pokoj:<\/label>\n                <div class=\"button-container\">\n                  <button type=\"button\" class=\"decrement\">&#8211;<\/button>\n                  <input id=\"room-count\" type=\"text\" name=\"room\" class=\"number\" value=\"1\">\n                  <button type=\"button\" class=\"increment\">+<\/button>\n                <\/div>\n              <\/div>\n              <button onclick=\"dataToString()\" type=\"button\">POU\u017d\u00cdT<\/button>\n          <\/div>\n        <\/div>\n        <button type=\"submit\"><img decoding=\"async\" src=\"https:\/\/siestacloudlivestorage.azureedge.net\/default\/e2f9e58c-d032-49ec-986c-29d2c9503f2c.svg\" alt=\"\"><\/button>\n    <\/form>\t\t\t\t\t\t\t\t<\/div>\n\t\t\t\t<\/div>\n\t\t\t\t\t<\/div>\n\t\t<\/div>\n\t\t\t\t\t<\/div>\n\t\t<\/section>\n\t\t\t\t<section class=\"elementor-section elementor-top-section elementor-element elementor-element-27d5807 elementor-section-height-min-height elementor-section-boxed elementor-section-height-default elementor-section-items-middle\" data-id=\"27d5807\" data-element_type=\"section\">\n\t\t\t\t\t\t<div class=\"elementor-container elementor-column-gap-default\">\n\t\t\t\t\t<div class=\"elementor-column elementor-col-100 elementor-top-column elementor-element elementor-element-b742d92 ph-box\" data-id=\"b742d92\" data-element_type=\"column\">\n\t\t\t<div class=\"elementor-widget-wrap elementor-element-populated\">\n\t\t\t\t\t\t<div class=\"elementor-element elementor-element-f98c018 elementor-widget elementor-widget-text-editor\" data-id=\"f98c018\" data-element_type=\"widget\" data-widget_type=\"text-editor.default\">\n\t\t\t\t<div class=\"elementor-widget-container\">\n\t\t\t\t\t\t\t\t\t<span class=\"font-hero\">O PIVOVARU<\/span>\n\n<hr \/>\t\t\t\t\t\t\t\t<\/div>\n\t\t\t\t<\/div>\n\t\t\t\t<div class=\"elementor-element elementor-element-41401e5 elementor-widget elementor-widget-text-editor\" data-id=\"41401e5\" data-element_type=\"widget\" data-widget_type=\"text-editor.default\">\n\t\t\t\t<div class=\"elementor-widget-container\">\n\t\t\t\t\t\t\t\t\t<span class=\"font-main-regular\">Jsme farm\u00e1\u0159i, kte\u0159\u00ed se nejen d\u00edky sv\u00e9 l\u00e1sce k pivu, ale tak\u00e9 pro svoji dlouholetou p\u016fsobnost v gastronomii rozhodli, \u017ee obnov\u00ed kouzlo m\u00edstn\u00edho, ji\u017e skoro zapomenut\u00e9ho pivovaru v Nepomuku. Viz\u00ed je va\u0159it pivo z kvalitn\u00edch surovin, z\u00e1kazn\u00edk\u016fm ho dod\u00e1vat v nejlep\u0161\u00ed kvalit\u011b a b\u00fdt k dost\u00e1n\u00ed nejen v \u010cR. Toho chceme dos\u00e1hnout p\u0159edev\u0161\u00edm skrze na\u0161e bohat\u00e9 zku\u0161enosti v gastronomii, farm\u00e1\u0159stv\u00ed a marketingu.<\/span>\t\t\t\t\t\t\t\t<\/div>\n\t\t\t\t<\/div>\n\t\t\t\t\t<\/div>\n\t\t<\/div>\n\t\t\t\t\t<\/div>\n\t\t<\/section>\n\t\t\t\t<section class=\"elementor-section elementor-top-section elementor-element elementor-element-a32023a section-content elementor-section-boxed elementor-section-height-default elementor-section-height-default\" data-id=\"a32023a\" data-element_type=\"section\">\n\t\t\t\t\t\t<div class=\"elementor-container elementor-column-gap-default\">\n\t\t\t\t\t<div class=\"elementor-column elementor-col-100 elementor-top-column elementor-element elementor-element-432e188 content-box\" data-id=\"432e188\" data-element_type=\"column\">\n\t\t\t<div class=\"elementor-widget-wrap elementor-element-populated\">\n\t\t\t\t\t\t<section class=\"elementor-section elementor-inner-section elementor-element elementor-element-6a859b1 elementor-section-boxed elementor-section-height-default elementor-section-height-default\" data-id=\"6a859b1\" data-element_type=\"section\">\n\t\t\t\t\t\t<div class=\"elementor-container elementor-column-gap-default\">\n\t\t\t\t\t<div class=\"elementor-column elementor-col-50 elementor-inner-column elementor-element elementor-element-50e348f text-box-left text-box\" data-id=\"50e348f\" data-element_type=\"column\">\n\t\t\t<div class=\"elementor-widget-wrap elementor-element-populated\">\n\t\t\t\t\t\t<div class=\"elementor-element elementor-element-0e2d186 text-box elementor-widget elementor-widget-text-editor\" data-id=\"0e2d186\" data-element_type=\"widget\" data-widget_type=\"text-editor.default\">\n\t\t\t\t<div class=\"elementor-widget-container\">\n\t\t\t\t\t\t\t\t\t<h1 class=\"font-hero\">Jak to cel\u00e9 bylo<\/h1>\n\n<hr \/>\n<p class=\"text-box-paragraph\">Na za\u010d\u00e1tku t\u00e9to pivn\u00ed cesty stoj\u00edme dv\u011b rodiny &#8211; Sochorovi a Sladk\u00fdch. Spole\u010dn\u011b jsme tak v roce 2018 odstartovali rodinn\u00fd projekt &#8211; pivovar Zlat\u00e1 kr\u00e1va. Va\u0159\u00edme spodn\u011b i svrchn\u011b kva\u0161en\u00e1 piva a speci\u00e1ly pod taktovkou na\u0161\u00ed sl\u00e1dkov\u00e9 \u017danety Petru\u017e\u00e1lkov\u00e9.<\/p>\nKo\u0159eny budovy pivovaru Zlat\u00e1 kr\u00e1va sahaj\u00ed a\u017e do druh\u00e9 poloviny 19. stolet\u00ed, kde na tomto m\u00edst\u011b p\u016fvodn\u011b st\u00e1val Turk\u016fv pivovar. V roce 1938 objekt dokonce slou\u017eil jako st\u00e1\u010d\u00edrna plze\u0148sk\u00e9ho pivovaru. Ch\u00e1traj\u00edc\u00ed budovu jsme koupili od p\u016fvodn\u00edho majitele Ferdinanda Jiskry, kter\u00fd ve sv\u00fdch 84 letech dohl\u00ed\u017eel na prvn\u00ed uva\u0159enou v\u00e1rku piva Zlat\u00e1 kr\u00e1va. Na jeho po\u010dest se te\u010f va\u0159\u00ed polotmav\u00e1 13 Jiskra.\t\t\t\t\t\t\t\t<\/div>\n\t\t\t\t<\/div>\n\t\t\t\t\t<\/div>\n\t\t<\/div>\n\t\t\t\t<div class=\"elementor-column elementor-col-50 elementor-inner-column elementor-element elementor-element-710daa5\" data-id=\"710daa5\" data-element_type=\"column\">\n\t\t\t<div class=\"elementor-widget-wrap elementor-element-populated\">\n\t\t\t\t\t\t<div class=\"elementor-element elementor-element-e159953 elementor-widget elementor-widget-image\" data-id=\"e159953\" data-element_type=\"widget\" data-widget_type=\"image.default\">\n\t\t\t\t<div class=\"elementor-widget-container\">\n\t\t\t\t\t\t\t\t\t\t\t\t\t\t\t<img decoding=\"async\" src=\"http:\/\/hotelalf.cz\/wp-content\/uploads\/2023\/04\/68b788c4-f8d1-4000-a275-275676270d83.jpg\" title=\"\" alt=\"\" loading=\"lazy\" \/>\t\t\t\t\t\t\t\t\t\t\t\t\t\t\t<\/div>\n\t\t\t\t<\/div>\n\t\t\t\t<div class=\"elementor-element elementor-element-cb76d4b elementor-widget elementor-widget-image\" data-id=\"cb76d4b\" data-element_type=\"widget\" data-widget_type=\"image.default\">\n\t\t\t\t<div class=\"elementor-widget-container\">\n\t\t\t\t\t\t\t\t\t\t\t\t\t\t\t<img decoding=\"async\" src=\"http:\/\/hotelalf.cz\/wp-content\/uploads\/2023\/04\/e6873e81-ddfb-4027-90b8-a49b5b71377c.jpg\" title=\"\" alt=\"\" loading=\"lazy\" \/>\t\t\t\t\t\t\t\t\t\t\t\t\t\t\t<\/div>\n\t\t\t\t<\/div>\n\t\t\t\t\t<\/div>\n\t\t<\/div>\n\t\t\t\t\t<\/div>\n\t\t<\/section>\n\t\t\t\t\t<\/div>\n\t\t<\/div>\n\t\t\t\t\t<\/div>\n\t\t<\/section>\n\t\t\t\t<section class=\"elementor-section elementor-top-section elementor-element elementor-element-d3ad19b section-content elementor-section-boxed elementor-section-height-default elementor-section-height-default\" data-id=\"d3ad19b\" data-element_type=\"section\">\n\t\t\t\t\t\t<div class=\"elementor-container elementor-column-gap-default\">\n\t\t\t\t\t<div class=\"elementor-column elementor-col-100 elementor-top-column elementor-element elementor-element-c6bd61c content-box\" data-id=\"c6bd61c\" data-element_type=\"column\">\n\t\t\t<div class=\"elementor-widget-wrap elementor-element-populated\">\n\t\t\t\t\t\t<section class=\"elementor-section elementor-inner-section elementor-element elementor-element-0809883 elementor-section-boxed elementor-section-height-default elementor-section-height-default\" data-id=\"0809883\" data-element_type=\"section\">\n\t\t\t\t\t\t<div class=\"elementor-container elementor-column-gap-default\">\n\t\t\t\t\t<div class=\"elementor-column elementor-col-50 elementor-inner-column elementor-element elementor-element-cd1a8e0\" data-id=\"cd1a8e0\" data-element_type=\"column\">\n\t\t\t<div class=\"elementor-widget-wrap elementor-element-populated\">\n\t\t\t\t\t\t<div class=\"elementor-element elementor-element-b9b72ef elementor-widget elementor-widget-image\" data-id=\"b9b72ef\" data-element_type=\"widget\" data-widget_type=\"image.default\">\n\t\t\t\t<div class=\"elementor-widget-container\">\n\t\t\t\t\t\t\t\t\t\t\t\t\t\t\t<img decoding=\"async\" src=\"http:\/\/hotelalf.cz\/wp-content\/uploads\/2023\/04\/7fdf4c8c-f40a-4fb6-ac74-00e15ae00cc1.jpeg\" title=\"\" alt=\"\" loading=\"lazy\" \/>\t\t\t\t\t\t\t\t\t\t\t\t\t\t\t<\/div>\n\t\t\t\t<\/div>\n\t\t\t\t\t<\/div>\n\t\t<\/div>\n\t\t\t\t<div class=\"elementor-column elementor-col-50 elementor-inner-column elementor-element elementor-element-d49efe1 text-box-right text-box\" data-id=\"d49efe1\" data-element_type=\"column\">\n\t\t\t<div class=\"elementor-widget-wrap elementor-element-populated\">\n\t\t\t\t\t\t<div class=\"elementor-element elementor-element-4c6231f text-box elementor-widget elementor-widget-text-editor\" data-id=\"4c6231f\" data-element_type=\"widget\" data-widget_type=\"text-editor.default\">\n\t\t\t\t<div class=\"elementor-widget-container\">\n\t\t\t\t\t\t\t\t\t<h1 class=\"font-hero\">Are\u00e1l pivovaru<\/h1>\n\n<hr \/>\n<p class=\"text-box-paragraph\">3. Prosince 2018 se ve\u0159ejnosti otev\u0159el zrekonstruovan\u00fd pivovar, jeho\u017e historie sah\u00e1 a\u017e do roku 1876. Pivovaru, kter\u00fd se nach\u00e1z\u00ed pod z\u00e1mkem Zelen\u00e1 hora, v\u00e9vod\u00ed 1000l varna. Sou\u010d\u00e1st\u00ed je tak\u00e9 \u0161alanda, sal\u00f3nek a p\u016fvodn\u00ed klenbov\u00e9 le\u017e\u00e1ck\u00e9 sklepy a sklady. Ro\u010dn\u00ed v\u00fdstav je 2500 hl. V pivovaru va\u0159\u00edme spodn\u011b i svrchn\u011b kva\u0161en\u00e1 piva a speci\u00e1ly, kter\u00e9 st\u00e1\u010d\u00edme do sklen\u011bn\u00fdch lahv\u00ed a sud\u016f 20 l, 30 l a 50 l.<\/p>\t\t\t\t\t\t\t\t<\/div>\n\t\t\t\t<\/div>\n\t\t\t\t\t<\/div>\n\t\t<\/div>\n\t\t\t\t\t<\/div>\n\t\t<\/section>\n\t\t\t\t\t<\/div>\n\t\t<\/div>\n\t\t\t\t\t<\/div>\n\t\t<\/section>\n\t\t\t\t<section class=\"elementor-section elementor-top-section elementor-element elementor-element-e40e100 section-content elementor-section-boxed elementor-section-height-default elementor-section-height-default\" data-id=\"e40e100\" data-element_type=\"section\">\n\t\t\t\t\t\t<div class=\"elementor-container elementor-column-gap-default\">\n\t\t\t\t\t<div class=\"elementor-column elementor-col-100 elementor-top-column elementor-element elementor-element-fa99da1 content-box\" data-id=\"fa99da1\" data-element_type=\"column\">\n\t\t\t<div class=\"elementor-widget-wrap elementor-element-populated\">\n\t\t\t\t\t\t<section class=\"elementor-section elementor-inner-section elementor-element elementor-element-ead449e elementor-section-boxed elementor-section-height-default elementor-section-height-default\" data-id=\"ead449e\" data-element_type=\"section\">\n\t\t\t\t\t\t<div class=\"elementor-container elementor-column-gap-default\">\n\t\t\t\t\t<div class=\"elementor-column elementor-col-50 elementor-inner-column elementor-element elementor-element-b2a47b4 text-box\" data-id=\"b2a47b4\" data-element_type=\"column\">\n\t\t\t<div class=\"elementor-widget-wrap elementor-element-populated\">\n\t\t\t\t\t\t<div class=\"elementor-element elementor-element-9b2a538 text-box elementor-widget elementor-widget-text-editor\" data-id=\"9b2a538\" data-element_type=\"widget\" data-widget_type=\"text-editor.default\">\n\t\t\t\t<div class=\"elementor-widget-container\">\n\t\t\t\t\t\t\t\t\t<h1 class=\"font-hero\">PIVA<\/h1>\n\n<hr \/>\n<p class=\"text-box-paragraph\">Jsme farm\u00e1\u0159i, kte\u0159\u00ed se nejen d\u00edky sv\u00e9 l\u00e1sce k pivu, ale tak\u00e9 pro svoji dlouholetou p\u016fsobnost v gastronomii rozhodli, \u017ee obnov\u00ed kouzlo m\u00edstn\u00edho, ji\u017e skoro zapomenut\u00e9ho pivovaru v Nepomuku.<\/p>\n<a class=\"button-link\" href=\"https:\/\/www.zlatakrava.cz\/piva\/\">PROZKOUMAT<\/a>\t\t\t\t\t\t\t\t<\/div>\n\t\t\t\t<\/div>\n\t\t\t\t\t<\/div>\n\t\t<\/div>\n\t\t\t\t<div class=\"elementor-column elementor-col-50 elementor-inner-column elementor-element elementor-element-9aced36\" data-id=\"9aced36\" data-element_type=\"column\">\n\t\t\t<div class=\"elementor-widget-wrap elementor-element-populated\">\n\t\t\t\t\t\t<div class=\"elementor-element elementor-element-8888b51 elementor-widget elementor-widget-image\" data-id=\"8888b51\" data-element_type=\"widget\" data-widget_type=\"image.default\">\n\t\t\t\t<div class=\"elementor-widget-container\">\n\t\t\t\t\t\t\t\t\t\t\t\t\t\t\t<img decoding=\"async\" src=\"http:\/\/hotelalf.cz\/wp-content\/uploads\/2023\/04\/b6d2fc30-5eeb-449a-8d06-51fce911b72c.jpg\" title=\"\" alt=\"\" loading=\"lazy\" \/>\t\t\t\t\t\t\t\t\t\t\t\t\t\t\t<\/div>\n\t\t\t\t<\/div>\n\t\t\t\t\t<\/div>\n\t\t<\/div>\n\t\t\t\t\t<\/div>\n\t\t<\/section>\n\t\t\t\t\t<\/div>\n\t\t<\/div>\n\t\t\t\t\t<\/div>\n\t\t<\/section>\n\t\t\t\t<section class=\"elementor-section elementor-top-section elementor-element elementor-element-e7307c8 section-content elementor-section-boxed elementor-section-height-default elementor-section-height-default\" data-id=\"e7307c8\" data-element_type=\"section\">\n\t\t\t\t\t\t<div class=\"elementor-container elementor-column-gap-default\">\n\t\t\t\t\t<div class=\"elementor-column elementor-col-100 elementor-top-column elementor-element elementor-element-8ee26b0 content-box\" data-id=\"8ee26b0\" data-element_type=\"column\">\n\t\t\t<div class=\"elementor-widget-wrap elementor-element-populated\">\n\t\t\t\t\t\t<section class=\"elementor-section elementor-inner-section elementor-element elementor-element-bb2c23a elementor-section-boxed elementor-section-height-default elementor-section-height-default\" data-id=\"bb2c23a\" data-element_type=\"section\">\n\t\t\t\t\t\t<div class=\"elementor-container elementor-column-gap-default\">\n\t\t\t\t\t<div class=\"elementor-column elementor-col-50 elementor-inner-column elementor-element elementor-element-b2c9c8d\" data-id=\"b2c9c8d\" data-element_type=\"column\">\n\t\t\t<div class=\"elementor-widget-wrap elementor-element-populated\">\n\t\t\t\t\t\t<div class=\"elementor-element elementor-element-71a95cf elementor-widget elementor-widget-image\" data-id=\"71a95cf\" data-element_type=\"widget\" data-widget_type=\"image.default\">\n\t\t\t\t<div class=\"elementor-widget-container\">\n\t\t\t\t\t\t\t\t\t\t\t\t\t\t\t<img decoding=\"async\" src=\"http:\/\/hotelalf.cz\/wp-content\/uploads\/2023\/04\/1c4db4cd-31a2-439f-a7f1-2c7f3bff6761.jpeg\" title=\"\" alt=\"\" loading=\"lazy\" \/>\t\t\t\t\t\t\t\t\t\t\t\t\t\t\t<\/div>\n\t\t\t\t<\/div>\n\t\t\t\t\t<\/div>\n\t\t<\/div>\n\t\t\t\t<div class=\"elementor-column elementor-col-50 elementor-inner-column elementor-element elementor-element-91b8b2a text-box-right text-box\" data-id=\"91b8b2a\" data-element_type=\"column\">\n\t\t\t<div class=\"elementor-widget-wrap elementor-element-populated\">\n\t\t\t\t\t\t<div class=\"elementor-element elementor-element-43675b4 text-box elementor-widget elementor-widget-text-editor\" data-id=\"43675b4\" data-element_type=\"widget\" data-widget_type=\"text-editor.default\">\n\t\t\t\t<div class=\"elementor-widget-container\">\n\t\t\t\t\t\t\t\t\t<h1 class=\"font-hero\">FIREMN\u00cd AKCE, SVATBY<\/h1>\n\n<hr \/>\n<p class=\"text-box-paragraph\">Pivovar je vhodn\u00fd pro nejr\u016fzn\u011bj\u0161\u00ed eventy. Uspo\u0159\u00e1dejte u n\u00e1s firemn\u00ed akci, svatbu, oslavu nebo t\u0159eba t\u0159\u00eddn\u00ed sraz a u\u017eijte si prostory nov\u011b zrekonstruovan\u00e9ho industri\u00e1ln\u00edho pivovaru v klidn\u00e9m Nepomuku. M\u016f\u017eete vyu\u017e\u00edt na\u0161ich prostor, cateringu, ubytov\u00e1n\u00ed, slu\u017eeb wellness a <a class=\"text-link\" href=\"https:\/\/pivnihotel.cz\/page\/wellness\">pivn\u00edch l\u00e1zn\u00edch<\/a> a zorganizujeme V\u00e1m doprovodn\u00fd program jako nap\u0159. va\u0159en\u00ed piva, exkurze pivovaru, farmy, nebo v\u00e1m zorganizujeme akci na kl\u00ed\u010d. Popt\u00e1vky pros\u00edm sm\u011b\u0159ujte na <a class=\"text-link\" href=\"mailto:recepce@pivnihotel.cz\">recepce@pivnihotel.cz<\/a>.<\/p>\t\t\t\t\t\t\t\t<\/div>\n\t\t\t\t<\/div>\n\t\t\t\t\t<\/div>\n\t\t<\/div>\n\t\t\t\t\t<\/div>\n\t\t<\/section>\n\t\t\t\t\t<\/div>\n\t\t<\/div>\n\t\t\t\t\t<\/div>\n\t\t<\/section>\n\t\t\t\t<section class=\"elementor-section elementor-top-section elementor-element elementor-element-1a6670fc elementor-section-full_width elementor-section-height-default elementor-section-height-default\" data-id=\"1a6670fc\" data-element_type=\"section\">\n\t\t\t\t\t\t<div class=\"elementor-container elementor-column-gap-default\">\n\t\t\t\t\t<div class=\"elementor-column elementor-col-100 elementor-top-column elementor-element elementor-element-573b0c50\" data-id=\"573b0c50\" data-element_type=\"column\">\n\t\t\t<div class=\"elementor-widget-wrap elementor-element-populated\">\n\t\t\t\t\t\t<div class=\"elementor-element elementor-element-3342aeb2 elementor-widget elementor-widget-google_maps\" data-id=\"3342aeb2\" data-element_type=\"widget\" data-widget_type=\"google_maps.default\">\n\t\t\t\t<div class=\"elementor-widget-container\">\n\t\t\t\t\t\t\t<div class=\"elementor-custom-embed\">\n\t\t\t<iframe loading=\"lazy\"\n\t\t\t\t\tsrc=\"https:\/\/maps.google.com\/maps?q=N%C3%A1m.%20Augustina%20N%C4%9Bmejce%20416&#038;t=m&#038;z=14&#038;output=embed&#038;iwloc=near\"\n\t\t\t\t\ttitle=\"N\u00e1m. Augustina N\u011bmejce 416\"\n\t\t\t\t\taria-label=\"N\u00e1m. Augustina N\u011bmejce 416\"\n\t\t\t><\/iframe>\n\t\t<\/div>\n\t\t\t\t\t\t<\/div>\n\t\t\t\t<\/div>\n\t\t\t\t\t<\/div>\n\t\t<\/div>\n\t\t\t\t\t<\/div>\n\t\t<\/section>\n\t\t\t\t<\/div>","protected":false},"excerpt":{"rendered":"<p>HOST\u00c9 A APARTM\u00c1NY Po\u010det host\u016f: &#8211; + Pokoj: &#8211; + POU\u017d\u00cdT O PIVOVARU Jsme farm\u00e1\u0159i, kte\u0159\u00ed se nejen d\u00edky sv\u00e9 l\u00e1sce k pivu, ale tak\u00e9 pro svoji dlouholetou p\u016fsobnost v gastronomii rozhodli, \u017ee obnov\u00ed kouzlo m\u00edstn\u00edho, ji\u017e skoro zapomenut\u00e9ho pivovaru v Nepomuku. Viz\u00ed je va\u0159it pivo z kvalitn\u00edch surovin, z\u00e1kazn\u00edk\u016fm ho dod\u00e1vat v nejlep\u0161\u00ed kvalit\u011b [&hellip;]<\/p>","protected":false},"author":1,"featured_media":0,"parent":0,"menu_order":0,"comment_status":"closed","ping_status":"closed","template":"","meta":{"_acf_changed":false,"footnotes":""},"class_list":["post-18","page","type-page","status-publish","hentry"],"acf":[],"_links":{"self":[{"href":"http:\/\/hotelalf.cz\/en\/wp-json\/wp\/v2\/pages\/18","targetHints":{"allow":["GET"]}}],"collection":[{"href":"http:\/\/hotelalf.cz\/en\/wp-json\/wp\/v2\/pages"}],"about":[{"href":"http:\/\/hotelalf.cz\/en\/wp-json\/wp\/v2\/types\/page"}],"author":[{"embeddable":true,"href":"http:\/\/hotelalf.cz\/en\/wp-json\/wp\/v2\/users\/1"}],"replies":[{"embeddable":true,"href":"http:\/\/hotelalf.cz\/en\/wp-json\/wp\/v2\/comments?post=18"}],"version-history":[{"count":0,"href":"http:\/\/hotelalf.cz\/en\/wp-json\/wp\/v2\/pages\/18\/revisions"}],"wp:attachment":[{"href":"http:\/\/hotelalf.cz\/en\/wp-json\/wp\/v2\/media?parent=18"}],"curies":[{"name":"wp","href":"https:\/\/api.w.org\/{rel}","templated":true}]}}