{"id":1354,"date":"2025-02-11T15:23:28","date_gmt":"2025-02-11T14:23:28","guid":{"rendered":"https:\/\/hotelalf.cz\/?page_id=1354"},"modified":"2025-10-31T19:30:16","modified_gmt":"2025-10-31T18:30:16","slug":"jidelni-listek","status":"publish","type":"page","link":"https:\/\/hotelalf.cz\/en\/jidelni-listek\/","title":{"rendered":"J\u00eddeln\u00ed l\u00edstek"},"content":{"rendered":"<div data-elementor-type=\"wp-page\" data-elementor-id=\"1354\" class=\"elementor elementor-1354\">\n\t\t\t\t\t\t<section class=\"elementor-section elementor-top-section elementor-element elementor-element-4e5e54e elementor-section-boxed elementor-section-height-default elementor-section-height-default\" data-id=\"4e5e54e\" data-element_type=\"section\">\n\t\t\t\t\t\t<div class=\"elementor-container elementor-column-gap-default\">\n\t\t\t\t\t<div class=\"elementor-column elementor-col-100 elementor-top-column elementor-element elementor-element-6f5c6e9\" data-id=\"6f5c6e9\" data-element_type=\"column\">\n\t\t\t<div class=\"elementor-widget-wrap elementor-element-populated\">\n\t\t\t\t\t\t<div class=\"elementor-element elementor-element-51c45f6 elementor-widget elementor-widget-text-editor\" data-id=\"51c45f6\" data-element_type=\"widget\" data-widget_type=\"text-editor.default\">\n\t\t\t\t<div class=\"elementor-widget-container\">\n\t\t\t\t\t\t\t\t\t<h1 style=\"text-align: center;\"><span style=\"color: #ffcc99;\"><strong>J\u00cdDELN\u00cd L\u00cdSTEK<\/strong><\/span><\/h1>\t\t\t\t\t\t\t\t<\/div>\n\t\t\t\t<\/div>\n\t\t\t\t\t<\/div>\n\t\t<\/div>\n\t\t\t\t\t<\/div>\n\t\t<\/section>\n\t\t\t\t<section class=\"elementor-section elementor-top-section elementor-element elementor-element-558c880 elementor-section-boxed elementor-section-height-default elementor-section-height-default\" data-id=\"558c880\" data-element_type=\"section\">\n\t\t\t\t\t\t<div class=\"elementor-container elementor-column-gap-default\">\n\t\t\t\t\t<div class=\"elementor-column elementor-col-100 elementor-top-column elementor-element elementor-element-1a8a146\" data-id=\"1a8a146\" data-element_type=\"column\">\n\t\t\t<div class=\"elementor-widget-wrap elementor-element-populated\">\n\t\t\t\t\t\t<div class=\"elementor-element elementor-element-90da031 elementor-widget elementor-widget-text-editor\" data-id=\"90da031\" data-element_type=\"widget\" data-widget_type=\"text-editor.default\">\n\t\t\t\t<div class=\"elementor-widget-container\">\n\t\t\t\t\t\t\t\t\t<h3 style=\"text-align: center;\"><span style=\"color: #ffffff;\"><strong>V\u00edtejte u dobr\u00e9ho j\u00eddla<\/strong><\/span><\/h3><hr \/><p style=\"text-align: center;\" data-start=\"329\" data-end=\"603\"><span style=\"color: #000000;\">U n\u00e1s va\u0159\u00edme poctiv\u011b, z \u010derstv\u00fdch surovin a s d\u016frazem na \u010deskou klasiku i lehk\u00e1 modern\u00ed j\u00eddla. A\u0165 u\u017e p\u0159ich\u00e1z\u00edte na rychl\u00fd ob\u011bd, rodinnou ve\u010de\u0159i nebo oslavu, v\u017edy pro v\u00e1s m\u00e1me n\u011bco skv\u011bl\u00e9ho. N\u00ed\u017ee najdete kompletn\u00ed nab\u00eddku v\u010detn\u011b alergen\u016f a u\u017eite\u010dn\u00fdch informac\u00ed.<\/span><\/p>\t\t\t\t\t\t\t\t<\/div>\n\t\t\t\t<\/div>\n\t\t\t\t\t<\/div>\n\t\t<\/div>\n\t\t\t\t\t<\/div>\n\t\t<\/section>\n\t\t\t\t<section class=\"elementor-section elementor-top-section elementor-element elementor-element-b017793 elementor-section-boxed elementor-section-height-default elementor-section-height-default\" data-id=\"b017793\" data-element_type=\"section\">\n\t\t\t\t\t\t<div class=\"elementor-container elementor-column-gap-default\">\n\t\t\t\t\t<div class=\"elementor-column elementor-col-100 elementor-top-column elementor-element elementor-element-0a33b15\" data-id=\"0a33b15\" data-element_type=\"column\">\n\t\t\t<div class=\"elementor-widget-wrap elementor-element-populated\">\n\t\t\t\t\t\t<div class=\"elementor-element elementor-element-ffff28f elementor-widget elementor-widget-text-editor\" data-id=\"ffff28f\" data-element_type=\"widget\" data-widget_type=\"text-editor.default\">\n\t\t\t\t<div class=\"elementor-widget-container\">\n\t\t\t\t\t\t\t\t\t<h4>\u00a0<\/h4><h4>\u00a0<\/h4><h3 style=\"text-align: center;\"><strong><span style=\"color: #ffffff;\">ST\u00c1L\u00c1 NAB\u00cdDKA<\/span><\/strong><\/h3><hr \/><p style=\"text-align: center;\">\u00a0<\/p>\t\t\t\t\t\t\t\t<\/div>\n\t\t\t\t<\/div>\n\t\t\t\t\t<\/div>\n\t\t<\/div>\n\t\t\t\t\t<\/div>\n\t\t<\/section>\n\t\t\t\t<section class=\"elementor-section elementor-top-section elementor-element elementor-element-4e5f227 elementor-section-boxed elementor-section-height-default elementor-section-height-default\" data-id=\"4e5f227\" data-element_type=\"section\">\n\t\t\t\t\t\t<div class=\"elementor-container elementor-column-gap-default\">\n\t\t\t\t\t<div class=\"elementor-column elementor-col-33 elementor-top-column elementor-element elementor-element-5120c3c\" data-id=\"5120c3c\" data-element_type=\"column\">\n\t\t\t<div class=\"elementor-widget-wrap elementor-element-populated\">\n\t\t\t\t\t\t<div class=\"elementor-element elementor-element-735f30b elementor-widget elementor-widget-image\" data-id=\"735f30b\" data-element_type=\"widget\" data-widget_type=\"image.default\">\n\t\t\t\t<div class=\"elementor-widget-container\">\n\t\t\t\t\t\t\t\t\t\t\t\t\t\t\t<img fetchpriority=\"high\" decoding=\"async\" width=\"724\" height=\"1024\" src=\"https:\/\/hotelalf.cz\/wp-content\/uploads\/2025\/10\/1-724x1024.jpg\" class=\"attachment-large size-large wp-image-1668\" alt=\"\" srcset=\"https:\/\/hotelalf.cz\/wp-content\/uploads\/2025\/10\/1-724x1024.jpg 724w, https:\/\/hotelalf.cz\/wp-content\/uploads\/2025\/10\/1-212x300.jpg 212w, https:\/\/hotelalf.cz\/wp-content\/uploads\/2025\/10\/1-768x1086.jpg 768w, https:\/\/hotelalf.cz\/wp-content\/uploads\/2025\/10\/1-1086x1536.jpg 1086w, https:\/\/hotelalf.cz\/wp-content\/uploads\/2025\/10\/1-8x12.jpg 8w, https:\/\/hotelalf.cz\/wp-content\/uploads\/2025\/10\/1-600x849.jpg 600w, https:\/\/hotelalf.cz\/wp-content\/uploads\/2025\/10\/1.jpg 1414w\" sizes=\"(max-width: 724px) 100vw, 724px\" \/>\t\t\t\t\t\t\t\t\t\t\t\t\t\t\t<\/div>\n\t\t\t\t<\/div>\n\t\t\t\t\t<\/div>\n\t\t<\/div>\n\t\t\t\t<div class=\"elementor-column elementor-col-33 elementor-top-column elementor-element elementor-element-7bb45e5\" data-id=\"7bb45e5\" data-element_type=\"column\">\n\t\t\t<div class=\"elementor-widget-wrap elementor-element-populated\">\n\t\t\t\t\t\t<div class=\"elementor-element elementor-element-a5be011 elementor-widget elementor-widget-image\" data-id=\"a5be011\" data-element_type=\"widget\" data-widget_type=\"image.default\">\n\t\t\t\t<div class=\"elementor-widget-container\">\n\t\t\t\t\t\t\t\t\t\t\t\t\t\t\t<img decoding=\"async\" width=\"724\" height=\"1024\" src=\"https:\/\/hotelalf.cz\/wp-content\/uploads\/2025\/10\/2-724x1024.jpg\" class=\"attachment-large size-large wp-image-1669\" alt=\"\" srcset=\"https:\/\/hotelalf.cz\/wp-content\/uploads\/2025\/10\/2-724x1024.jpg 724w, https:\/\/hotelalf.cz\/wp-content\/uploads\/2025\/10\/2-212x300.jpg 212w, https:\/\/hotelalf.cz\/wp-content\/uploads\/2025\/10\/2-768x1086.jpg 768w, https:\/\/hotelalf.cz\/wp-content\/uploads\/2025\/10\/2-1086x1536.jpg 1086w, https:\/\/hotelalf.cz\/wp-content\/uploads\/2025\/10\/2-8x12.jpg 8w, https:\/\/hotelalf.cz\/wp-content\/uploads\/2025\/10\/2-600x849.jpg 600w, https:\/\/hotelalf.cz\/wp-content\/uploads\/2025\/10\/2.jpg 1414w\" sizes=\"(max-width: 724px) 100vw, 724px\" \/>\t\t\t\t\t\t\t\t\t\t\t\t\t\t\t<\/div>\n\t\t\t\t<\/div>\n\t\t\t\t\t<\/div>\n\t\t<\/div>\n\t\t\t\t<div class=\"elementor-column elementor-col-33 elementor-top-column elementor-element elementor-element-d2db2a8\" data-id=\"d2db2a8\" data-element_type=\"column\">\n\t\t\t<div class=\"elementor-widget-wrap elementor-element-populated\">\n\t\t\t\t\t\t<div class=\"elementor-element elementor-element-24c2081 elementor-widget elementor-widget-image\" data-id=\"24c2081\" data-element_type=\"widget\" data-widget_type=\"image.default\">\n\t\t\t\t<div class=\"elementor-widget-container\">\n\t\t\t\t\t\t\t\t\t\t\t\t\t\t\t<img decoding=\"async\" width=\"724\" height=\"1024\" src=\"https:\/\/hotelalf.cz\/wp-content\/uploads\/2025\/10\/3-724x1024.jpg\" class=\"attachment-large size-large wp-image-1670\" alt=\"\" srcset=\"https:\/\/hotelalf.cz\/wp-content\/uploads\/2025\/10\/3-724x1024.jpg 724w, https:\/\/hotelalf.cz\/wp-content\/uploads\/2025\/10\/3-212x300.jpg 212w, https:\/\/hotelalf.cz\/wp-content\/uploads\/2025\/10\/3-768x1086.jpg 768w, https:\/\/hotelalf.cz\/wp-content\/uploads\/2025\/10\/3-1086x1536.jpg 1086w, https:\/\/hotelalf.cz\/wp-content\/uploads\/2025\/10\/3-8x12.jpg 8w, https:\/\/hotelalf.cz\/wp-content\/uploads\/2025\/10\/3-600x849.jpg 600w, https:\/\/hotelalf.cz\/wp-content\/uploads\/2025\/10\/3.jpg 1414w\" sizes=\"(max-width: 724px) 100vw, 724px\" \/>\t\t\t\t\t\t\t\t\t\t\t\t\t\t\t<\/div>\n\t\t\t\t<\/div>\n\t\t\t\t\t<\/div>\n\t\t<\/div>\n\t\t\t\t\t<\/div>\n\t\t<\/section>\n\t\t\t\t<section class=\"elementor-section elementor-top-section elementor-element elementor-element-154d271 elementor-section-boxed elementor-section-height-default elementor-section-height-default\" data-id=\"154d271\" data-element_type=\"section\">\n\t\t\t\t\t\t<div class=\"elementor-container elementor-column-gap-default\">\n\t\t\t\t\t<div class=\"elementor-column elementor-col-100 elementor-top-column elementor-element elementor-element-0065e5c\" data-id=\"0065e5c\" data-element_type=\"column\">\n\t\t\t<div class=\"elementor-widget-wrap elementor-element-populated\">\n\t\t\t\t\t\t<div class=\"elementor-element elementor-element-daa7061 elementor-widget elementor-widget-text-editor\" data-id=\"daa7061\" data-element_type=\"widget\" data-widget_type=\"text-editor.default\">\n\t\t\t\t<div class=\"elementor-widget-container\">\n\t\t\t\t\t\t\t\t\t<h3 style=\"text-align: center;\"><strong><span style=\"color: #ffffff;\">Denn\u00ed menu (Po\u2013P\u00e1)<\/span><\/strong><\/h3><hr \/><p style=\"text-align: center;\"><span style=\"color: #000000;\"><strong data-start=\"632\" data-end=\"667\">Pod\u00e1v\u00e1me od [10:30] do [14:00]<\/strong><\/span><\/p><p style=\"text-align: center;\"><span style=\"color: #000000;\">Ka\u017ed\u00fd den p\u0159ipravujeme 1-2 pol\u00e9vky a 4-7 hlavn\u00edch chod\u016f za zv\u00fdhodn\u011bnou cenu.<\/span><\/p>\t\t\t\t\t\t\t\t<\/div>\n\t\t\t\t<\/div>\n\t\t\t\t\t<\/div>\n\t\t<\/div>\n\t\t\t\t\t<\/div>\n\t\t<\/section>\n\t\t\t\t<section class=\"elementor-section elementor-top-section elementor-element elementor-element-73e8ef8 elementor-section-boxed elementor-section-height-default elementor-section-height-default\" data-id=\"73e8ef8\" data-element_type=\"section\">\n\t\t\t\t\t\t<div class=\"elementor-container elementor-column-gap-default\">\n\t\t\t\t\t<div class=\"elementor-column elementor-col-100 elementor-top-column elementor-element elementor-element-367ffac\" data-id=\"367ffac\" data-element_type=\"column\">\n\t\t\t<div class=\"elementor-widget-wrap elementor-element-populated\">\n\t\t\t\t\t\t<div class=\"elementor-element elementor-element-0f4ce87 elementor-widget elementor-widget-text-editor\" data-id=\"0f4ce87\" data-element_type=\"widget\" data-widget_type=\"text-editor.default\">\n\t\t\t\t<div class=\"elementor-widget-container\">\n\t\t\t\t\t\t\t\t\t<h3>\u00a0<\/h3><h3 style=\"text-align: center;\"><span style=\"color: #ffffff;\"><strong>N\u00c1POJOV\u00dd L\u00cdSTEK<\/strong><\/span><\/h3><hr \/><h3 style=\"text-align: center;\">\u00a0<\/h3>\t\t\t\t\t\t\t\t<\/div>\n\t\t\t\t<\/div>\n\t\t\t\t\t<\/div>\n\t\t<\/div>\n\t\t\t\t\t<\/div>\n\t\t<\/section>\n\t\t\t\t<section class=\"elementor-section elementor-top-section elementor-element elementor-element-cc44f2e elementor-section-boxed elementor-section-height-default elementor-section-height-default\" data-id=\"cc44f2e\" data-element_type=\"section\">\n\t\t\t\t\t\t<div class=\"elementor-container elementor-column-gap-default\">\n\t\t\t\t\t<div class=\"elementor-column elementor-col-50 elementor-top-column elementor-element elementor-element-2d2581f\" data-id=\"2d2581f\" data-element_type=\"column\">\n\t\t\t<div class=\"elementor-widget-wrap elementor-element-populated\">\n\t\t\t\t\t\t<div class=\"elementor-element elementor-element-a9ee1b8 elementor-widget elementor-widget-image\" data-id=\"a9ee1b8\" data-element_type=\"widget\" data-widget_type=\"image.default\">\n\t\t\t\t<div class=\"elementor-widget-container\">\n\t\t\t\t\t\t\t\t\t\t\t\t\t\t\t<img loading=\"lazy\" decoding=\"async\" width=\"724\" height=\"1024\" src=\"https:\/\/hotelalf.cz\/wp-content\/uploads\/2025\/10\/5-724x1024.jpg\" class=\"attachment-large size-large wp-image-1672\" alt=\"\" srcset=\"https:\/\/hotelalf.cz\/wp-content\/uploads\/2025\/10\/5-724x1024.jpg 724w, https:\/\/hotelalf.cz\/wp-content\/uploads\/2025\/10\/5-212x300.jpg 212w, https:\/\/hotelalf.cz\/wp-content\/uploads\/2025\/10\/5-768x1086.jpg 768w, https:\/\/hotelalf.cz\/wp-content\/uploads\/2025\/10\/5-1086x1536.jpg 1086w, https:\/\/hotelalf.cz\/wp-content\/uploads\/2025\/10\/5-8x12.jpg 8w, https:\/\/hotelalf.cz\/wp-content\/uploads\/2025\/10\/5-600x849.jpg 600w, https:\/\/hotelalf.cz\/wp-content\/uploads\/2025\/10\/5.jpg 1414w\" sizes=\"(max-width: 724px) 100vw, 724px\" \/>\t\t\t\t\t\t\t\t\t\t\t\t\t\t\t<\/div>\n\t\t\t\t<\/div>\n\t\t\t\t\t<\/div>\n\t\t<\/div>\n\t\t\t\t<div class=\"elementor-column elementor-col-50 elementor-top-column elementor-element elementor-element-278d449\" data-id=\"278d449\" data-element_type=\"column\">\n\t\t\t<div class=\"elementor-widget-wrap elementor-element-populated\">\n\t\t\t\t\t\t<div class=\"elementor-element elementor-element-199bbe5 elementor-widget elementor-widget-image\" data-id=\"199bbe5\" data-element_type=\"widget\" data-widget_type=\"image.default\">\n\t\t\t\t<div class=\"elementor-widget-container\">\n\t\t\t\t\t\t\t\t\t\t\t\t\t\t\t<img loading=\"lazy\" decoding=\"async\" width=\"724\" height=\"1024\" src=\"https:\/\/hotelalf.cz\/wp-content\/uploads\/2025\/10\/6-724x1024.jpg\" class=\"attachment-large size-large wp-image-1673\" alt=\"\" srcset=\"https:\/\/hotelalf.cz\/wp-content\/uploads\/2025\/10\/6-724x1024.jpg 724w, https:\/\/hotelalf.cz\/wp-content\/uploads\/2025\/10\/6-212x300.jpg 212w, https:\/\/hotelalf.cz\/wp-content\/uploads\/2025\/10\/6-768x1086.jpg 768w, https:\/\/hotelalf.cz\/wp-content\/uploads\/2025\/10\/6-1086x1536.jpg 1086w, https:\/\/hotelalf.cz\/wp-content\/uploads\/2025\/10\/6-8x12.jpg 8w, https:\/\/hotelalf.cz\/wp-content\/uploads\/2025\/10\/6-600x849.jpg 600w, https:\/\/hotelalf.cz\/wp-content\/uploads\/2025\/10\/6.jpg 1414w\" sizes=\"(max-width: 724px) 100vw, 724px\" \/>\t\t\t\t\t\t\t\t\t\t\t\t\t\t\t<\/div>\n\t\t\t\t<\/div>\n\t\t\t\t\t<\/div>\n\t\t<\/div>\n\t\t\t\t\t<\/div>\n\t\t<\/section>\n\t\t\t\t<section class=\"elementor-section elementor-top-section elementor-element elementor-element-6f40d9f elementor-section-boxed elementor-section-height-default elementor-section-height-default\" data-id=\"6f40d9f\" data-element_type=\"section\">\n\t\t\t\t\t\t<div class=\"elementor-container elementor-column-gap-default\">\n\t\t\t\t\t<div class=\"elementor-column elementor-col-100 elementor-top-column elementor-element elementor-element-6cc79d8\" data-id=\"6cc79d8\" data-element_type=\"column\">\n\t\t\t<div class=\"elementor-widget-wrap elementor-element-populated\">\n\t\t\t\t\t\t<div class=\"elementor-element elementor-element-95c1f79 elementor-widget elementor-widget-text-editor\" data-id=\"95c1f79\" data-element_type=\"widget\" data-widget_type=\"text-editor.default\">\n\t\t\t\t<div class=\"elementor-widget-container\">\n\t\t\t\t\t\t\t\t\t<h3 style=\"text-align: center;\"><span style=\"color: #ffffff;\"><strong>REZERVACE<\/strong><\/span><\/h3><hr \/><p style=\"text-align: center;\"><span style=\"color: #000000;\">Chcete m\u00edt jist\u00e9 m\u00edsto?<\/span><\/p><p style=\"text-align: center;\"><span style=\"color: #000000;\">\u2022 <strong>Zavolejte:<\/strong> +420 387 980 124 \u2022<\/span><\/p><p style=\"text-align: center;\"><span style=\"color: #000000;\"><em data-start=\"3147\" data-end=\"3253\">U v\u011bt\u0161\u00edch skupin doporu\u010dujeme rezervaci p\u0159edem. R\u00e1di p\u0159iprav\u00edme slavnostn\u00ed aran\u017em\u00e1 a projekci v salonku.<\/em><\/span><\/p>\t\t\t\t\t\t\t\t<\/div>\n\t\t\t\t<\/div>\n\t\t\t\t\t<\/div>\n\t\t<\/div>\n\t\t\t\t\t<\/div>\n\t\t<\/section>\n\t\t\t\t<section class=\"elementor-section elementor-top-section elementor-element elementor-element-fb29191 elementor-section-boxed elementor-section-height-default elementor-section-height-default\" data-id=\"fb29191\" data-element_type=\"section\">\n\t\t\t\t\t\t<div class=\"elementor-container elementor-column-gap-default\">\n\t\t\t\t\t<div class=\"elementor-column elementor-col-100 elementor-top-column elementor-element elementor-element-8cff7a9\" data-id=\"8cff7a9\" data-element_type=\"column\">\n\t\t\t<div class=\"elementor-widget-wrap elementor-element-populated\">\n\t\t\t\t\t\t<div class=\"elementor-element elementor-element-ef84b3c elementor-widget elementor-widget-text-editor\" data-id=\"ef84b3c\" data-element_type=\"widget\" data-widget_type=\"text-editor.default\">\n\t\t\t\t<div class=\"elementor-widget-container\">\n\t\t\t\t\t\t\t\t\t<h3 style=\"text-align: center;\"><span style=\"color: #ffffff;\"><strong>ALERGENY<\/strong><\/span><\/h3><hr \/><p style=\"text-align: center;\"><span style=\"color: #000000;\">Na po\u017e\u00e1d\u00e1n\u00ed r\u00e1di sd\u011bl\u00edme seznam alergen\u016f pro ka\u017ed\u00e9 j\u00eddlo dle Na\u0159\u00edzen\u00ed (EU) 1169\/2011.<\/span><br data-start=\"2253\" data-end=\"2256\" \/><span style=\"color: #000000;\"><strong data-start=\"2256\" data-end=\"2268\">P\u0159ehled:<\/strong> 1 \u2013 Lepek, 2 \u2013 Kor\u00fd\u0161i, 3 \u2013 Vejce, 4 \u2013 Ryby, 5 \u2013 Ara\u0161\u00edd, 6 \u2013 S\u00f3ja, 7 \u2013 Ml\u00e9ko, 8 \u2013 O\u0159echy, 9 \u2013 Celer, 10 \u2013 Ho\u0159\u010dice, 11 \u2013 Sezam, 12 \u2013 Oxid si\u0159i\u010dit\u00fd a si\u0159i\u010ditany, 13 \u2013 Vl\u010d\u00ed bob (lupina), 14 \u2013 M\u011bkk\u00fd\u0161i.<\/span><\/p>\t\t\t\t\t\t\t\t<\/div>\n\t\t\t\t<\/div>\n\t\t\t\t\t<\/div>\n\t\t<\/div>\n\t\t\t\t\t<\/div>\n\t\t<\/section>\n\t\t\t\t<section class=\"elementor-section elementor-top-section elementor-element elementor-element-311e40d elementor-section-boxed elementor-section-height-default elementor-section-height-default\" data-id=\"311e40d\" data-element_type=\"section\">\n\t\t\t\t\t\t<div class=\"elementor-container elementor-column-gap-default\">\n\t\t\t\t\t<div class=\"elementor-column elementor-col-100 elementor-top-column elementor-element elementor-element-def7bae\" data-id=\"def7bae\" data-element_type=\"column\">\n\t\t\t<div class=\"elementor-widget-wrap elementor-element-populated\">\n\t\t\t\t\t\t<div class=\"elementor-element elementor-element-7e760b3 elementor-widget elementor-widget-text-editor\" data-id=\"7e760b3\" data-element_type=\"widget\" data-widget_type=\"text-editor.default\">\n\t\t\t\t<div class=\"elementor-widget-container\">\n\t\t\t\t\t\t\t\t\t<h3 style=\"text-align: center;\"><strong><span style=\"color: #ffffff;\">PRAKTICK\u00c9 INFORMACE<\/span><\/strong><\/h3><hr \/><ul><li data-start=\"2787\" data-end=\"2845\"><span style=\"color: #000000;\"><strong data-start=\"2787\" data-end=\"2798\">Platby:<\/strong> p\u0159ij\u00edm\u00e1me platebn\u00ed karty i hotovost.<\/span><\/li><li data-start=\"2848\" data-end=\"2898\"><span style=\"color: #000000;\"><strong data-start=\"2848\" data-end=\"2859\">Terasa:<\/strong> v l\u00e9t\u011b otev\u0159en\u00e1 zahr\u00e1dka <strong>s obsluhou.<\/strong><\/span><\/li><li data-start=\"2848\" data-end=\"2898\"><span style=\"color: #000000;\"><strong data-start=\"2901\" data-end=\"2920\">Skupiny &amp; akce:<\/strong> svatby, oslavy, firemn\u00ed ve\u010d\u00edrky \u2013 p\u0159iprav\u00edme <strong>menu na m\u00edru<\/strong> (v\u010detn\u011b bezlepkov\u00fdch\/vegansk\u00fdch variant).<\/span><\/li><\/ul>\t\t\t\t\t\t\t\t<\/div>\n\t\t\t\t<\/div>\n\t\t\t\t\t<\/div>\n\t\t<\/div>\n\t\t\t\t\t<\/div>\n\t\t<\/section>\n\t\t\t\t<section class=\"elementor-section elementor-top-section elementor-element elementor-element-531f4ec elementor-section-boxed elementor-section-height-default elementor-section-height-default\" data-id=\"531f4ec\" data-element_type=\"section\">\n\t\t\t\t\t\t<div class=\"elementor-container elementor-column-gap-default\">\n\t\t\t\t\t<div class=\"elementor-column elementor-col-100 elementor-top-column elementor-element elementor-element-6475f9e\" data-id=\"6475f9e\" data-element_type=\"column\">\n\t\t\t<div class=\"elementor-widget-wrap elementor-element-populated\">\n\t\t\t\t\t\t<div class=\"elementor-element elementor-element-ae1eb84 elementor-shape-rounded elementor-grid-0 e-grid-align-center elementor-widget elementor-widget-social-icons\" data-id=\"ae1eb84\" data-element_type=\"widget\" data-widget_type=\"social-icons.default\">\n\t\t\t\t<div class=\"elementor-widget-container\">\n\t\t\t\t\t\t\t<div class=\"elementor-social-icons-wrapper elementor-grid\" role=\"list\">\n\t\t\t\t\t\t\t<span class=\"elementor-grid-item\" role=\"listitem\">\n\t\t\t\t\t<a class=\"elementor-icon elementor-social-icon elementor-social-icon-facebook elementor-repeater-item-07cbce8\" href=\"https:\/\/www.facebook.com\/profile.php?id=100057452888920\" target=\"_blank\">\n\t\t\t\t\t\t<span class=\"elementor-screen-only\">Facebook<\/span>\n\t\t\t\t\t\t<i aria-hidden=\"true\" class=\"fab fa-facebook\"><\/i>\t\t\t\t\t<\/a>\n\t\t\t\t<\/span>\n\t\t\t\t\t\t\t<span class=\"elementor-grid-item\" role=\"listitem\">\n\t\t\t\t\t<a class=\"elementor-icon elementor-social-icon elementor-social-icon-instagram elementor-repeater-item-063704c\" href=\"https:\/\/www.instagram.com\/wellnesshotel_alf\/\" target=\"_blank\">\n\t\t\t\t\t\t<span class=\"elementor-screen-only\">Instagram<\/span>\n\t\t\t\t\t\t<i aria-hidden=\"true\" class=\"fab fa-instagram\"><\/i>\t\t\t\t\t<\/a>\n\t\t\t\t<\/span>\n\t\t\t\t\t<\/div>\n\t\t\t\t\t\t<\/div>\n\t\t\t\t<\/div>\n\t\t\t\t<div class=\"elementor-element elementor-element-dfdad71 elementor-widget elementor-widget-google_maps\" data-id=\"dfdad71\" data-element_type=\"widget\" data-widget_type=\"google_maps.default\">\n\t\t\t\t<div class=\"elementor-widget-container\">\n\t\t\t\t\t\t\t<div class=\"elementor-custom-embed\">\n\t\t\t<iframe loading=\"lazy\"\n\t\t\t\t\tsrc=\"https:\/\/maps.google.com\/maps?q=Hotel%20Alf&#038;t=m&#038;z=11&#038;output=embed&#038;iwloc=near\"\n\t\t\t\t\ttitle=\"Hotel Alf\"\n\t\t\t\t\taria-label=\"Hotel Alf\"\n\t\t\t><\/iframe>\n\t\t<\/div>\n\t\t\t\t\t\t<\/div>\n\t\t\t\t<\/div>\n\t\t\t\t\t<\/div>\n\t\t<\/div>\n\t\t\t\t\t<\/div>\n\t\t<\/section>\n\t\t\t\t<\/div>","protected":false},"excerpt":{"rendered":"<p>J\u00cdDELN\u00cd L\u00cdSTEK V\u00edtejte u dobr\u00e9ho j\u00eddla U n\u00e1s va\u0159\u00edme poctiv\u011b, z \u010derstv\u00fdch surovin a s d\u016frazem na \u010deskou klasiku i lehk\u00e1 modern\u00ed j\u00eddla. A\u0165 u\u017e p\u0159ich\u00e1z\u00edte na rychl\u00fd ob\u011bd, rodinnou ve\u010de\u0159i nebo oslavu, v\u017edy pro v\u00e1s m\u00e1me n\u011bco skv\u011bl\u00e9ho. N\u00ed\u017ee najdete kompletn\u00ed nab\u00eddku v\u010detn\u011b alergen\u016f a u\u017eite\u010dn\u00fdch informac\u00ed. \u00a0 \u00a0 ST\u00c1L\u00c1 NAB\u00cdDKA \u00a0 Denn\u00ed menu [&hellip;]<\/p>","protected":false},"author":1,"featured_media":0,"parent":0,"menu_order":0,"comment_status":"closed","ping_status":"closed","template":"","meta":{"_acf_changed":false,"footnotes":""},"class_list":["post-1354","page","type-page","status-publish","hentry"],"acf":[],"_links":{"self":[{"href":"https:\/\/hotelalf.cz\/en\/wp-json\/wp\/v2\/pages\/1354","targetHints":{"allow":["GET"]}}],"collection":[{"href":"https:\/\/hotelalf.cz\/en\/wp-json\/wp\/v2\/pages"}],"about":[{"href":"https:\/\/hotelalf.cz\/en\/wp-json\/wp\/v2\/types\/page"}],"author":[{"embeddable":true,"href":"https:\/\/hotelalf.cz\/en\/wp-json\/wp\/v2\/users\/1"}],"replies":[{"embeddable":true,"href":"https:\/\/hotelalf.cz\/en\/wp-json\/wp\/v2\/comments?post=1354"}],"version-history":[{"count":17,"href":"https:\/\/hotelalf.cz\/en\/wp-json\/wp\/v2\/pages\/1354\/revisions"}],"predecessor-version":[{"id":1769,"href":"https:\/\/hotelalf.cz\/en\/wp-json\/wp\/v2\/pages\/1354\/revisions\/1769"}],"wp:attachment":[{"href":"https:\/\/hotelalf.cz\/en\/wp-json\/wp\/v2\/media?parent=1354"}],"curies":[{"name":"wp","href":"https:\/\/api.w.org\/{rel}","templated":true}]}}