{"id":20,"date":"2023-04-18T15:27:23","date_gmt":"2023-04-18T13:27:23","guid":{"rendered":"https:\/\/hotelalf.cz\/?page_id=20"},"modified":"2025-11-29T12:44:24","modified_gmt":"2025-11-29T11:44:24","slug":"restaurace","status":"publish","type":"page","link":"https:\/\/hotelalf.cz\/en\/restaurace\/","title":{"rendered":"Restaurant"},"content":{"rendered":"<div data-elementor-type=\"wp-page\" data-elementor-id=\"20\" class=\"elementor elementor-20\">\n\t\t\t\t\t\t<section class=\"elementor-section elementor-top-section elementor-element elementor-element-bd74962 elementor-section-boxed elementor-section-height-default elementor-section-height-default\" data-id=\"bd74962\" data-element_type=\"section\">\n\t\t\t\t\t\t<div class=\"elementor-container elementor-column-gap-default\">\n\t\t\t\t\t<div class=\"elementor-column elementor-col-33 elementor-top-column elementor-element elementor-element-5b96f76\" data-id=\"5b96f76\" data-element_type=\"column\">\n\t\t\t<div class=\"elementor-widget-wrap elementor-element-populated\">\n\t\t\t\t\t\t<div class=\"elementor-element elementor-element-9ab9f51 elementor-widget__width-initial elementor-widget elementor-widget-image\" data-id=\"9ab9f51\" data-element_type=\"widget\" data-widget_type=\"image.default\">\n\t\t\t\t<div class=\"elementor-widget-container\">\n\t\t\t\t\t\t\t\t\t\t\t\t\t\t\t<img fetchpriority=\"high\" decoding=\"async\" width=\"800\" height=\"600\" src=\"https:\/\/hotelalf.cz\/wp-content\/uploads\/2025\/09\/IMG_6529-1024x768.jpeg\" class=\"attachment-large size-large wp-image-1493\" alt=\"\" srcset=\"https:\/\/hotelalf.cz\/wp-content\/uploads\/2025\/09\/IMG_6529-1024x768.jpeg 1024w, https:\/\/hotelalf.cz\/wp-content\/uploads\/2025\/09\/IMG_6529-300x225.jpeg 300w, https:\/\/hotelalf.cz\/wp-content\/uploads\/2025\/09\/IMG_6529-768x576.jpeg 768w, https:\/\/hotelalf.cz\/wp-content\/uploads\/2025\/09\/IMG_6529-1536x1152.jpeg 1536w, https:\/\/hotelalf.cz\/wp-content\/uploads\/2025\/09\/IMG_6529-2048x1536.jpeg 2048w, https:\/\/hotelalf.cz\/wp-content\/uploads\/2025\/09\/IMG_6529-16x12.jpeg 16w, https:\/\/hotelalf.cz\/wp-content\/uploads\/2025\/09\/IMG_6529-600x450.jpeg 600w\" sizes=\"(max-width: 800px) 100vw, 800px\" \/>\t\t\t\t\t\t\t\t\t\t\t\t\t\t\t<\/div>\n\t\t\t\t<\/div>\n\t\t\t\t<div class=\"elementor-element elementor-element-df559c4 elementor-widget elementor-widget-image\" data-id=\"df559c4\" data-element_type=\"widget\" data-widget_type=\"image.default\">\n\t\t\t\t<div class=\"elementor-widget-container\">\n\t\t\t\t\t\t\t\t\t\t\t\t\t\t\t<img decoding=\"async\" width=\"800\" height=\"600\" src=\"https:\/\/hotelalf.cz\/wp-content\/uploads\/2025\/05\/IMG_6528-1024x768.jpeg\" class=\"attachment-large size-large wp-image-1449\" alt=\"\" srcset=\"https:\/\/hotelalf.cz\/wp-content\/uploads\/2025\/05\/IMG_6528-1024x768.jpeg 1024w, https:\/\/hotelalf.cz\/wp-content\/uploads\/2025\/05\/IMG_6528-300x225.jpeg 300w, https:\/\/hotelalf.cz\/wp-content\/uploads\/2025\/05\/IMG_6528-768x576.jpeg 768w, https:\/\/hotelalf.cz\/wp-content\/uploads\/2025\/05\/IMG_6528-1536x1152.jpeg 1536w, https:\/\/hotelalf.cz\/wp-content\/uploads\/2025\/05\/IMG_6528-2048x1536.jpeg 2048w, https:\/\/hotelalf.cz\/wp-content\/uploads\/2025\/05\/IMG_6528-16x12.jpeg 16w, https:\/\/hotelalf.cz\/wp-content\/uploads\/2025\/05\/IMG_6528-600x450.jpeg 600w\" sizes=\"(max-width: 800px) 100vw, 800px\" \/>\t\t\t\t\t\t\t\t\t\t\t\t\t\t\t<\/div>\n\t\t\t\t<\/div>\n\t\t\t\t\t<\/div>\n\t\t<\/div>\n\t\t\t\t<div class=\"elementor-column elementor-col-33 elementor-top-column elementor-element elementor-element-09aaa5b\" data-id=\"09aaa5b\" data-element_type=\"column\">\n\t\t\t<div class=\"elementor-widget-wrap elementor-element-populated\">\n\t\t\t\t\t\t<div class=\"elementor-element elementor-element-9293708 elementor-widget elementor-widget-image\" data-id=\"9293708\" data-element_type=\"widget\" data-widget_type=\"image.default\">\n\t\t\t\t<div class=\"elementor-widget-container\">\n\t\t\t\t\t\t\t\t\t\t\t\t\t\t\t<img decoding=\"async\" width=\"768\" height=\"1024\" src=\"https:\/\/hotelalf.cz\/wp-content\/uploads\/2025\/10\/IMG_4736-768x1024.jpeg\" class=\"attachment-large size-large wp-image-1614\" alt=\"\" srcset=\"https:\/\/hotelalf.cz\/wp-content\/uploads\/2025\/10\/IMG_4736-768x1024.jpeg 768w, https:\/\/hotelalf.cz\/wp-content\/uploads\/2025\/10\/IMG_4736-225x300.jpeg 225w, https:\/\/hotelalf.cz\/wp-content\/uploads\/2025\/10\/IMG_4736-1152x1536.jpeg 1152w, https:\/\/hotelalf.cz\/wp-content\/uploads\/2025\/10\/IMG_4736-1536x2048.jpeg 1536w, https:\/\/hotelalf.cz\/wp-content\/uploads\/2025\/10\/IMG_4736-9x12.jpeg 9w, https:\/\/hotelalf.cz\/wp-content\/uploads\/2025\/10\/IMG_4736-600x800.jpeg 600w, https:\/\/hotelalf.cz\/wp-content\/uploads\/2025\/10\/IMG_4736-scaled.jpeg 1920w\" sizes=\"(max-width: 768px) 100vw, 768px\" \/>\t\t\t\t\t\t\t\t\t\t\t\t\t\t\t<\/div>\n\t\t\t\t<\/div>\n\t\t\t\t<div class=\"elementor-element elementor-element-22ea67e elementor-widget__width-initial elementor-widget elementor-widget-image\" data-id=\"22ea67e\" data-element_type=\"widget\" data-widget_type=\"image.default\">\n\t\t\t\t<div class=\"elementor-widget-container\">\n\t\t\t\t\t\t\t\t\t\t\t\t\t\t\t<img loading=\"lazy\" decoding=\"async\" width=\"800\" height=\"288\" src=\"https:\/\/hotelalf.cz\/wp-content\/uploads\/2025\/10\/IMG_0202-scaled-e1761585946217-1024x368.jpeg\" class=\"attachment-large size-large wp-image-1593\" alt=\"\" srcset=\"https:\/\/hotelalf.cz\/wp-content\/uploads\/2025\/10\/IMG_0202-scaled-e1761585946217-1024x368.jpeg 1024w, https:\/\/hotelalf.cz\/wp-content\/uploads\/2025\/10\/IMG_0202-scaled-e1761585946217-300x108.jpeg 300w, https:\/\/hotelalf.cz\/wp-content\/uploads\/2025\/10\/IMG_0202-scaled-e1761585946217-768x276.jpeg 768w, https:\/\/hotelalf.cz\/wp-content\/uploads\/2025\/10\/IMG_0202-scaled-e1761585946217-1536x552.jpeg 1536w, https:\/\/hotelalf.cz\/wp-content\/uploads\/2025\/10\/IMG_0202-scaled-e1761585946217-18x6.jpeg 18w, https:\/\/hotelalf.cz\/wp-content\/uploads\/2025\/10\/IMG_0202-scaled-e1761585946217-600x215.jpeg 600w, https:\/\/hotelalf.cz\/wp-content\/uploads\/2025\/10\/IMG_0202-scaled-e1761585946217.jpeg 1643w\" sizes=\"(max-width: 800px) 100vw, 800px\" \/>\t\t\t\t\t\t\t\t\t\t\t\t\t\t\t<\/div>\n\t\t\t\t<\/div>\n\t\t\t\t\t<\/div>\n\t\t<\/div>\n\t\t\t\t<div class=\"elementor-column elementor-col-33 elementor-top-column elementor-element elementor-element-db22414\" data-id=\"db22414\" data-element_type=\"column\">\n\t\t\t<div class=\"elementor-widget-wrap elementor-element-populated\">\n\t\t\t\t\t\t<div class=\"elementor-element elementor-element-f783d6c elementor-widget__width-initial elementor-widget elementor-widget-text-editor\" data-id=\"f783d6c\" data-element_type=\"widget\" data-widget_type=\"text-editor.default\">\n\t\t\t\t<div class=\"elementor-widget-container\">\n\t\t\t\t\t\t\t\t\t<h1 style=\"text-align: center;\"><strong><span style=\"color: #ffcc99;\">RESTAURANT<\/span><\/strong><\/h1>\t\t\t\t\t\t\t\t<\/div>\n\t\t\t\t<\/div>\n\t\t\t\t<div class=\"elementor-element elementor-element-5cf127e elementor-widget__width-initial elementor-widget elementor-widget-text-editor\" data-id=\"5cf127e\" data-element_type=\"widget\" data-widget_type=\"text-editor.default\">\n\t\t\t\t<div class=\"elementor-widget-container\">\n\t\t\t\t\t\t\t\t\t<hr \/><p data-start=\"161\" data-end=\"584\"><span style=\"color: #000000;\">Va\u0159\u00edme p\u0159ev\u00e1\u017en\u011b poctivou <strong data-start=\"254\" data-end=\"272\">\u010deskou kuchyni<\/strong> jako od babi\u010dky. Restaurace s kapacitou <strong>120\u00a0m\u00edst k sezen\u00ed<\/strong> a v l\u00e9t\u011b si vychutn\u00e1te j\u00eddlo i pit\u00ed na na\u0161\u00ed <strong data-start=\"400\" data-end=\"417\">slunn\u00e9 terase<\/strong>.<\/span><\/p><p data-start=\"161\" data-end=\"584\"><span style=\"color: #000000;\">Mysl\u00edme na rodiny &#8211; d\u011btsk\u00e9 \u017eidli\u010dky a mil\u00e1 obsluha jsou samoz\u0159ejmost\u00ed.<\/span><\/p><p data-start=\"161\" data-end=\"584\"><span style=\"color: #000000;\"><strong data-start=\"510\" data-end=\"551\">V restauraci p\u0159ij\u00edm\u00e1me platebn\u00ed karty<\/strong>, a\u0165 je placen\u00ed co nejjednodu\u0161\u0161\u00ed.<\/span><\/p>\t\t\t\t\t\t\t\t<\/div>\n\t\t\t\t<\/div>\n\t\t\t\t<div class=\"elementor-element elementor-element-2c4b8bf elementor-widget__width-initial elementor-widget elementor-widget-text-editor\" data-id=\"2c4b8bf\" data-element_type=\"widget\" data-widget_type=\"text-editor.default\">\n\t\t\t\t<div class=\"elementor-widget-container\">\n\t\t\t\t\t\t\t\t\t<div class=\"font-main-regular mb10\"><p>\u00a0<\/p><p><span style=\"color: #000000;\"><strong>OTEV\u00cdRAC\u00cd DOBA<\/strong><\/span><\/p><p><span style=\"color: #000000;\"><strong>RESTAURACE A RECEPCE:<\/strong><\/span><\/p><p><span style=\"color: #000000;\"><strong>Pond\u011bl\u00ed: 10:30 &#8211; 22:00<\/strong><\/span><br \/><span style=\"color: #000000;\"><strong>\u00dat. &#8211; \u010ct.: 10:30 &#8211; 23:00<\/strong><\/span><br \/><span style=\"color: #000000;\"><strong>P\u00e1tek:\u00a0 \u00a0 \u00a010:30 &#8211; 24:00<\/strong><\/span><br \/><span style=\"color: #000000;\"><strong>Sobota:\u00a0 \u00a011:00 &#8211; 24:00<\/strong><\/span><br \/><span style=\"color: #000000;\"><strong>Ned\u011ble:\u00a0 \u00a011:00 &#8211; 22:00<\/strong><\/span><\/p><p>\u00a0<\/p><\/div>\t\t\t\t\t\t\t\t<\/div>\n\t\t\t\t<\/div>\n\t\t\t\t<div class=\"elementor-element elementor-element-1dfc172 elementor-widget__width-initial elementor-widget elementor-widget-text-editor\" data-id=\"1dfc172\" data-element_type=\"widget\" data-widget_type=\"text-editor.default\">\n\t\t\t\t<div class=\"elementor-widget-container\">\n\t\t\t\t\t\t\t\t\t<p><span style=\"color: #000000;\"><strong>E-MAIL:<\/strong> hotel.alf@seznam.cz<\/span><\/p><p><span style=\"color: #000000;\"><strong>TELEFON:<\/strong><\/span>\u00a0<span style=\"color: #000000;\">+420 602 169 285<\/span><\/p>\t\t\t\t\t\t\t\t<\/div>\n\t\t\t\t<\/div>\n\t\t\t\t<div class=\"elementor-element elementor-element-d5681f9 elementor-align-center elementor-widget__width-initial elementor-widget elementor-widget-button\" data-id=\"d5681f9\" data-element_type=\"widget\" data-widget_type=\"button.default\">\n\t\t\t\t<div class=\"elementor-widget-container\">\n\t\t\t\t\t\t\t\t\t<div class=\"elementor-button-wrapper\">\n\t\t\t\t\t<a class=\"elementor-button elementor-button-link elementor-size-sm\" href=\"https:\/\/hotelalf.cz\/en\/jidelni-listek\/\">\n\t\t\t\t\t\t<span class=\"elementor-button-content-wrapper\">\n\t\t\t\t\t\t\t\t\t<span class=\"elementor-button-text\">MENU<\/span>\n\t\t\t\t\t<\/span>\n\t\t\t\t\t<\/a>\n\t\t\t\t<\/div>\n\t\t\t\t\t\t\t\t<\/div>\n\t\t\t\t<\/div>\n\t\t\t\t\t<\/div>\n\t\t<\/div>\n\t\t\t\t\t<\/div>\n\t\t<\/section>\n\t\t\t\t<section class=\"elementor-section elementor-top-section elementor-element elementor-element-1ebb32f elementor-section-boxed elementor-section-height-default elementor-section-height-default\" data-id=\"1ebb32f\" data-element_type=\"section\">\n\t\t\t\t\t\t<div class=\"elementor-container elementor-column-gap-default\">\n\t\t\t\t\t<div class=\"elementor-column elementor-col-33 elementor-top-column elementor-element elementor-element-a4ee779\" data-id=\"a4ee779\" data-element_type=\"column\">\n\t\t\t<div class=\"elementor-widget-wrap elementor-element-populated\">\n\t\t\t\t\t\t<div class=\"elementor-element elementor-element-16eba9b elementor-widget elementor-widget-text-editor\" data-id=\"16eba9b\" data-element_type=\"widget\" data-widget_type=\"text-editor.default\">\n\t\t\t\t<div class=\"elementor-widget-container\">\n\t\t\t\t\t\t\t\t\t<p><span style=\"color: #000000;\">Ka\u017ed\u00e9 r\u00e1no pro v\u00e1s p\u0159ipravujeme <strong data-start=\"653\" data-end=\"687\">sn\u00eddan\u011b formou \u0161v\u00e9dsk\u00fdch stol\u016f<\/strong>. Na p\u0159\u00e1n\u00ed nab\u00edz\u00edme <strong data-start=\"707\" data-end=\"720\">polopenzi<\/strong> i <strong data-start=\"723\" data-end=\"738\">plnou penzi<\/strong>\u00a0&#8211; ide\u00e1ln\u00ed pro ubytovan\u00e9 hosty i skupiny. R\u00e1di p\u0159izp\u016fsob\u00edme porce d\u011btem a porad\u00edme s v\u00fdb\u011brem, aby si pochutnali v\u0161ichni.<\/span><\/p>\t\t\t\t\t\t\t\t<\/div>\n\t\t\t\t<\/div>\n\t\t\t\t\t<\/div>\n\t\t<\/div>\n\t\t\t\t<div class=\"elementor-column elementor-col-33 elementor-top-column elementor-element elementor-element-6224e4c\" data-id=\"6224e4c\" data-element_type=\"column\">\n\t\t\t<div class=\"elementor-widget-wrap elementor-element-populated\">\n\t\t\t\t\t\t<div class=\"elementor-element elementor-element-5b4b910 elementor-widget elementor-widget-image\" data-id=\"5b4b910\" data-element_type=\"widget\" data-widget_type=\"image.default\">\n\t\t\t\t<div class=\"elementor-widget-container\">\n\t\t\t\t\t\t\t\t\t\t\t\t\t\t\t<img loading=\"lazy\" decoding=\"async\" width=\"800\" height=\"600\" src=\"https:\/\/hotelalf.cz\/wp-content\/uploads\/2025\/09\/IMG_6824-1024x768.jpeg\" class=\"attachment-large size-large wp-image-1477\" alt=\"\" srcset=\"https:\/\/hotelalf.cz\/wp-content\/uploads\/2025\/09\/IMG_6824-1024x768.jpeg 1024w, https:\/\/hotelalf.cz\/wp-content\/uploads\/2025\/09\/IMG_6824-300x225.jpeg 300w, https:\/\/hotelalf.cz\/wp-content\/uploads\/2025\/09\/IMG_6824-768x576.jpeg 768w, https:\/\/hotelalf.cz\/wp-content\/uploads\/2025\/09\/IMG_6824-1536x1152.jpeg 1536w, https:\/\/hotelalf.cz\/wp-content\/uploads\/2025\/09\/IMG_6824-2048x1536.jpeg 2048w, https:\/\/hotelalf.cz\/wp-content\/uploads\/2025\/09\/IMG_6824-16x12.jpeg 16w, https:\/\/hotelalf.cz\/wp-content\/uploads\/2025\/09\/IMG_6824-600x450.jpeg 600w\" sizes=\"(max-width: 800px) 100vw, 800px\" \/>\t\t\t\t\t\t\t\t\t\t\t\t\t\t\t<\/div>\n\t\t\t\t<\/div>\n\t\t\t\t\t<\/div>\n\t\t<\/div>\n\t\t\t\t<div class=\"elementor-column elementor-col-33 elementor-top-column elementor-element elementor-element-4e1876e\" data-id=\"4e1876e\" data-element_type=\"column\">\n\t\t\t<div class=\"elementor-widget-wrap elementor-element-populated\">\n\t\t\t\t\t\t<div class=\"elementor-element elementor-element-7248598 elementor-widget elementor-widget-image\" data-id=\"7248598\" data-element_type=\"widget\" data-widget_type=\"image.default\">\n\t\t\t\t<div class=\"elementor-widget-container\">\n\t\t\t\t\t\t\t\t\t\t\t\t\t\t\t<img loading=\"lazy\" decoding=\"async\" width=\"800\" height=\"600\" src=\"https:\/\/hotelalf.cz\/wp-content\/uploads\/2025\/09\/IMG_6825-1024x768.jpeg\" class=\"attachment-large size-large wp-image-1476\" alt=\"\" srcset=\"https:\/\/hotelalf.cz\/wp-content\/uploads\/2025\/09\/IMG_6825-1024x768.jpeg 1024w, https:\/\/hotelalf.cz\/wp-content\/uploads\/2025\/09\/IMG_6825-300x225.jpeg 300w, https:\/\/hotelalf.cz\/wp-content\/uploads\/2025\/09\/IMG_6825-768x576.jpeg 768w, https:\/\/hotelalf.cz\/wp-content\/uploads\/2025\/09\/IMG_6825-1536x1152.jpeg 1536w, https:\/\/hotelalf.cz\/wp-content\/uploads\/2025\/09\/IMG_6825-2048x1536.jpeg 2048w, https:\/\/hotelalf.cz\/wp-content\/uploads\/2025\/09\/IMG_6825-16x12.jpeg 16w, https:\/\/hotelalf.cz\/wp-content\/uploads\/2025\/09\/IMG_6825-600x450.jpeg 600w\" sizes=\"(max-width: 800px) 100vw, 800px\" \/>\t\t\t\t\t\t\t\t\t\t\t\t\t\t\t<\/div>\n\t\t\t\t<\/div>\n\t\t\t\t\t<\/div>\n\t\t<\/div>\n\t\t\t\t\t<\/div>\n\t\t<\/section>\n\t\t\t\t<section class=\"elementor-section elementor-top-section elementor-element elementor-element-8357ca7 elementor-section-boxed elementor-section-height-default elementor-section-height-default\" data-id=\"8357ca7\" data-element_type=\"section\">\n\t\t\t\t\t\t<div class=\"elementor-container elementor-column-gap-default\">\n\t\t\t\t\t<div class=\"elementor-column elementor-col-33 elementor-top-column elementor-element elementor-element-a42ba30\" data-id=\"a42ba30\" data-element_type=\"column\">\n\t\t\t<div class=\"elementor-widget-wrap elementor-element-populated\">\n\t\t\t\t\t\t<div class=\"elementor-element elementor-element-0125e9b elementor-widget elementor-widget-image\" data-id=\"0125e9b\" data-element_type=\"widget\" data-widget_type=\"image.default\">\n\t\t\t\t<div class=\"elementor-widget-container\">\n\t\t\t\t\t\t\t\t\t\t\t\t\t\t\t<img loading=\"lazy\" decoding=\"async\" width=\"800\" height=\"600\" src=\"https:\/\/hotelalf.cz\/wp-content\/uploads\/2025\/09\/IMG_6611-1024x768.jpeg\" class=\"attachment-large size-large wp-image-1483\" alt=\"\" srcset=\"https:\/\/hotelalf.cz\/wp-content\/uploads\/2025\/09\/IMG_6611-1024x768.jpeg 1024w, https:\/\/hotelalf.cz\/wp-content\/uploads\/2025\/09\/IMG_6611-300x225.jpeg 300w, https:\/\/hotelalf.cz\/wp-content\/uploads\/2025\/09\/IMG_6611-768x576.jpeg 768w, https:\/\/hotelalf.cz\/wp-content\/uploads\/2025\/09\/IMG_6611-1536x1152.jpeg 1536w, https:\/\/hotelalf.cz\/wp-content\/uploads\/2025\/09\/IMG_6611-2048x1536.jpeg 2048w, https:\/\/hotelalf.cz\/wp-content\/uploads\/2025\/09\/IMG_6611-16x12.jpeg 16w, https:\/\/hotelalf.cz\/wp-content\/uploads\/2025\/09\/IMG_6611-600x450.jpeg 600w\" sizes=\"(max-width: 800px) 100vw, 800px\" \/>\t\t\t\t\t\t\t\t\t\t\t\t\t\t\t<\/div>\n\t\t\t\t<\/div>\n\t\t\t\t\t<\/div>\n\t\t<\/div>\n\t\t\t\t<div class=\"elementor-column elementor-col-33 elementor-top-column elementor-element elementor-element-a30330c\" data-id=\"a30330c\" data-element_type=\"column\">\n\t\t\t<div class=\"elementor-widget-wrap elementor-element-populated\">\n\t\t\t\t\t\t<div class=\"elementor-element elementor-element-2d516b0 elementor-widget elementor-widget-image\" data-id=\"2d516b0\" data-element_type=\"widget\" data-widget_type=\"image.default\">\n\t\t\t\t<div class=\"elementor-widget-container\">\n\t\t\t\t\t\t\t\t\t\t\t\t\t\t\t<img loading=\"lazy\" decoding=\"async\" width=\"800\" height=\"600\" src=\"https:\/\/hotelalf.cz\/wp-content\/uploads\/2025\/09\/IMG_6602-1024x768.jpeg\" class=\"attachment-large size-large wp-image-1492\" alt=\"\" srcset=\"https:\/\/hotelalf.cz\/wp-content\/uploads\/2025\/09\/IMG_6602-1024x768.jpeg 1024w, https:\/\/hotelalf.cz\/wp-content\/uploads\/2025\/09\/IMG_6602-300x225.jpeg 300w, https:\/\/hotelalf.cz\/wp-content\/uploads\/2025\/09\/IMG_6602-768x576.jpeg 768w, https:\/\/hotelalf.cz\/wp-content\/uploads\/2025\/09\/IMG_6602-1536x1152.jpeg 1536w, https:\/\/hotelalf.cz\/wp-content\/uploads\/2025\/09\/IMG_6602-2048x1536.jpeg 2048w, https:\/\/hotelalf.cz\/wp-content\/uploads\/2025\/09\/IMG_6602-16x12.jpeg 16w, https:\/\/hotelalf.cz\/wp-content\/uploads\/2025\/09\/IMG_6602-600x450.jpeg 600w\" sizes=\"(max-width: 800px) 100vw, 800px\" \/>\t\t\t\t\t\t\t\t\t\t\t\t\t\t\t<\/div>\n\t\t\t\t<\/div>\n\t\t\t\t\t<\/div>\n\t\t<\/div>\n\t\t\t\t<div class=\"elementor-column elementor-col-33 elementor-top-column elementor-element elementor-element-e452d1f\" data-id=\"e452d1f\" data-element_type=\"column\">\n\t\t\t<div class=\"elementor-widget-wrap elementor-element-populated\">\n\t\t\t\t\t\t<div class=\"elementor-element elementor-element-b897e45 elementor-widget__width-initial elementor-widget elementor-widget-text-editor\" data-id=\"b897e45\" data-element_type=\"widget\" data-widget_type=\"text-editor.default\">\n\t\t\t\t<div class=\"elementor-widget-container\">\n\t\t\t\t\t\t\t\t\t<h3 data-start=\"79\" data-end=\"105\"><span style=\"color: #ffffff;\"><strong>Soukrom\u00ed v na\u0161em sal\u00f3nku<\/strong><\/span><\/h3><p data-start=\"76\" data-end=\"301\"><span style=\"color: #000000;\">Pl\u00e1nujete oslavu, poradu nebo prom\u00edt\u00e1n\u00ed fotek ze svatby? N\u00e1\u0161 <strong data-start=\"137\" data-end=\"174\">uzav\u0159en\u00fd salonek a\u017e pro 30 osob<\/strong> nab\u00edz\u00ed <strong data-start=\"182\" data-end=\"203\">naprost\u00e9 soukrom\u00ed<\/strong> a samostatnou obsluhu. K dispozici je <strong data-start=\"242\" data-end=\"252\">p\u00f3dium<\/strong> a <strong data-start=\"255\" data-end=\"267\">projekce<\/strong> pro \u0159e\u010dn\u00edky, kapelu i prezentace.<\/span><\/p><p data-start=\"303\" data-end=\"643\"><span style=\"color: #000000;\"><strong data-start=\"303\" data-end=\"364\">Variabiln\u00ed kapacita d\u00edky otev\u0159en\u00ed p\u0159edn\u00ed \u010d\u00e1sti restaurace<\/strong><\/span><br data-start=\"364\" data-end=\"367\" \/><span style=\"color: #000000;\">Pot\u0159ebujete v\u00edc m\u00edsta nebo v\u011bt\u0161\u00ed p\u00f3dium? Na p\u0159\u00e1n\u00ed m\u016f\u017eeme <strong data-start=\"424\" data-end=\"479\">otev\u0159\u00edt celou p\u0159edn\u00ed \u010d\u00e1st restaurace sm\u011brem k p\u00f3diu<\/strong> a <strong data-start=\"482\" data-end=\"509\">propojit ji se salonkem<\/strong>. T\u00edm v\u00fdrazn\u011b <strong data-start=\"523\" data-end=\"544\">zv\u011bt\u0161\u00edme kapacitu<\/strong> (a\u017e na cca <strong>100\u00a0osob<\/strong> dle uspo\u0159\u00e1d\u00e1n\u00ed) a vytvo\u0159\u00edme jednotn\u00fd prostor pro program i hosty.<\/span><\/p><p data-start=\"366\" data-end=\"389\">\u00a0<\/p>\t\t\t\t\t\t\t\t<\/div>\n\t\t\t\t<\/div>\n\t\t\t\t\t<\/div>\n\t\t<\/div>\n\t\t\t\t\t<\/div>\n\t\t<\/section>\n\t\t\t\t<section class=\"elementor-section elementor-top-section elementor-element elementor-element-8d02d99 elementor-section-boxed elementor-section-height-default elementor-section-height-default\" data-id=\"8d02d99\" data-element_type=\"section\">\n\t\t\t\t\t\t<div class=\"elementor-container elementor-column-gap-default\">\n\t\t\t\t\t<div class=\"elementor-column elementor-col-100 elementor-top-column elementor-element elementor-element-f723778\" data-id=\"f723778\" data-element_type=\"column\">\n\t\t\t<div class=\"elementor-widget-wrap elementor-element-populated\">\n\t\t\t\t\t\t<div class=\"elementor-element elementor-element-db3ccfb elementor-shape-rounded elementor-grid-0 e-grid-align-center elementor-widget elementor-widget-social-icons\" data-id=\"db3ccfb\" data-element_type=\"widget\" data-widget_type=\"social-icons.default\">\n\t\t\t\t<div class=\"elementor-widget-container\">\n\t\t\t\t\t\t\t<div class=\"elementor-social-icons-wrapper elementor-grid\" role=\"list\">\n\t\t\t\t\t\t\t<span class=\"elementor-grid-item\" role=\"listitem\">\n\t\t\t\t\t<a class=\"elementor-icon elementor-social-icon elementor-social-icon-facebook elementor-repeater-item-2a956c0\" href=\"https:\/\/www.facebook.com\/profile.php?id=100057452888920\" target=\"_blank\">\n\t\t\t\t\t\t<span class=\"elementor-screen-only\">Facebook<\/span>\n\t\t\t\t\t\t<i aria-hidden=\"true\" class=\"fab fa-facebook\"><\/i>\t\t\t\t\t<\/a>\n\t\t\t\t<\/span>\n\t\t\t\t\t\t\t<span class=\"elementor-grid-item\" role=\"listitem\">\n\t\t\t\t\t<a class=\"elementor-icon elementor-social-icon elementor-social-icon-instagram elementor-repeater-item-3e6c6fe\" href=\"https:\/\/www.instagram.com\/wellnesshotel_alf\/\" target=\"_blank\">\n\t\t\t\t\t\t<span class=\"elementor-screen-only\">Instagram<\/span>\n\t\t\t\t\t\t<i aria-hidden=\"true\" class=\"fab fa-instagram\"><\/i>\t\t\t\t\t<\/a>\n\t\t\t\t<\/span>\n\t\t\t\t\t<\/div>\n\t\t\t\t\t\t<\/div>\n\t\t\t\t<\/div>\n\t\t\t\t<div class=\"elementor-element elementor-element-0c0ea0b elementor-widget elementor-widget-google_maps\" data-id=\"0c0ea0b\" data-element_type=\"widget\" data-widget_type=\"google_maps.default\">\n\t\t\t\t<div class=\"elementor-widget-container\">\n\t\t\t\t\t\t\t<div class=\"elementor-custom-embed\">\n\t\t\t<iframe loading=\"lazy\"\n\t\t\t\t\tsrc=\"https:\/\/maps.google.com\/maps?q=Hotel%20Alf&#038;t=m&#038;z=11&#038;output=embed&#038;iwloc=near\"\n\t\t\t\t\ttitle=\"Hotel Alf\"\n\t\t\t\t\taria-label=\"Hotel Alf\"\n\t\t\t><\/iframe>\n\t\t<\/div>\n\t\t\t\t\t\t<\/div>\n\t\t\t\t<\/div>\n\t\t\t\t\t<\/div>\n\t\t<\/div>\n\t\t\t\t\t<\/div>\n\t\t<\/section>\n\t\t\t\t<\/div>","protected":false},"excerpt":{"rendered":"<p>RESTAURACE Va\u0159\u00edme p\u0159ev\u00e1\u017en\u011b poctivou \u010deskou kuchyni jako od babi\u010dky. Restaurace s kapacitou 120\u00a0m\u00edst k sezen\u00ed a v l\u00e9t\u011b si vychutn\u00e1te j\u00eddlo i pit\u00ed na na\u0161\u00ed slunn\u00e9 terase. Mysl\u00edme na rodiny &#8211; d\u011btsk\u00e9 \u017eidli\u010dky a mil\u00e1 obsluha jsou samoz\u0159ejmost\u00ed. V restauraci p\u0159ij\u00edm\u00e1me platebn\u00ed karty, a\u0165 je placen\u00ed co nejjednodu\u0161\u0161\u00ed. \u00a0 OTEV\u00cdRAC\u00cd DOBA RESTAURACE A RECEPCE: Pond\u011bl\u00ed: [&hellip;]<\/p>","protected":false},"author":1,"featured_media":0,"parent":0,"menu_order":0,"comment_status":"closed","ping_status":"closed","template":"","meta":{"_acf_changed":false,"footnotes":""},"class_list":["post-20","page","type-page","status-publish","hentry"],"acf":[],"_links":{"self":[{"href":"https:\/\/hotelalf.cz\/en\/wp-json\/wp\/v2\/pages\/20","targetHints":{"allow":["GET"]}}],"collection":[{"href":"https:\/\/hotelalf.cz\/en\/wp-json\/wp\/v2\/pages"}],"about":[{"href":"https:\/\/hotelalf.cz\/en\/wp-json\/wp\/v2\/types\/page"}],"author":[{"embeddable":true,"href":"https:\/\/hotelalf.cz\/en\/wp-json\/wp\/v2\/users\/1"}],"replies":[{"embeddable":true,"href":"https:\/\/hotelalf.cz\/en\/wp-json\/wp\/v2\/comments?post=20"}],"version-history":[{"count":54,"href":"https:\/\/hotelalf.cz\/en\/wp-json\/wp\/v2\/pages\/20\/revisions"}],"predecessor-version":[{"id":1836,"href":"https:\/\/hotelalf.cz\/en\/wp-json\/wp\/v2\/pages\/20\/revisions\/1836"}],"wp:attachment":[{"href":"https:\/\/hotelalf.cz\/en\/wp-json\/wp\/v2\/media?parent=20"}],"curies":[{"name":"wp","href":"https:\/\/api.w.org\/{rel}","templated":true}]}}