{"id":22,"date":"2023-04-18T15:27:31","date_gmt":"2023-04-18T13:27:31","guid":{"rendered":"https:\/\/hotelalf.cz\/?page_id=22"},"modified":"2023-06-28T12:07:11","modified_gmt":"2023-06-28T10:07:11","slug":"kontakt","status":"publish","type":"page","link":"http:\/\/hotelalf.cz\/en\/kontakt\/","title":{"rendered":"Kontakt"},"content":{"rendered":"<div data-elementor-type=\"wp-page\" data-elementor-id=\"22\" class=\"elementor elementor-22\">\n\t\t\t\t\t\t<section class=\"elementor-section elementor-top-section elementor-element elementor-element-1ff416d elementor-section-boxed elementor-section-height-default elementor-section-height-default\" data-id=\"1ff416d\" data-element_type=\"section\" data-settings=\"{&quot;background_background&quot;:&quot;classic&quot;}\">\n\t\t\t\t\t\t<div class=\"elementor-container elementor-column-gap-default\">\n\t\t\t\t\t<div class=\"elementor-column elementor-col-100 elementor-top-column elementor-element elementor-element-85454a6 ph-box\" data-id=\"85454a6\" data-element_type=\"column\" data-settings=\"{&quot;background_background&quot;:&quot;classic&quot;}\">\n\t\t\t<div class=\"elementor-widget-wrap elementor-element-populated\">\n\t\t\t\t\t\t<div class=\"elementor-element elementor-element-c066eeb elementor-widget elementor-widget-text-editor\" data-id=\"c066eeb\" data-element_type=\"widget\" data-widget_type=\"text-editor.default\">\n\t\t\t\t<div class=\"elementor-widget-container\">\n\t\t\t\t\t\t\t\t\t<span class=\"font-hero\">Hotel Alf\n<\/span>\n\n<hr \/>\t\t\t\t\t\t\t\t<\/div>\n\t\t\t\t<\/div>\n\t\t\t\t<div class=\"elementor-element elementor-element-ae7cabd elementor-widget elementor-widget-text-editor\" data-id=\"ae7cabd\" data-element_type=\"widget\" data-widget_type=\"text-editor.default\">\n\t\t\t\t<div class=\"elementor-widget-container\">\n\t\t\t\t\t\t\t\t\t<div class=\"font-main-regular mb10\"><p>ADRESA<br \/>\u017di\u017ekovo n\u00e1m. 2, 373 12 Borovany<\/p><p>TELEFON<br \/>+420 387 980 124, +420 602 169 285<\/p><p>E-MAIL<br \/><a href=\"mailto:hotel.alf@seznam.cz\">hotel.alf@seznam.cz<\/a><\/p><p>I\u010cO<br \/>74280287<\/p><p>DI\u010c<br \/>CZ7860011214<\/p><p>Vladislava Weisfeitov\u00e1<\/p><\/div>\t\t\t\t\t\t\t\t<\/div>\n\t\t\t\t<\/div>\n\t\t\t\t\t<\/div>\n\t\t<\/div>\n\t\t\t\t\t<\/div>\n\t\t<\/section>\n\t\t\t\t<\/div>","protected":false},"excerpt":{"rendered":"<p>Hotel Alf ADRESA\u017di\u017ekovo n\u00e1m. 2, 373 12 Borovany TELEFON+420 387 980 124, +420 602 169 285 E-MAILhotel.alf@seznam.cz I\u010cO74280287 DI\u010cCZ7860011214 Vladislava Weisfeitov\u00e1<\/p>","protected":false},"author":1,"featured_media":0,"parent":0,"menu_order":0,"comment_status":"closed","ping_status":"closed","template":"","meta":{"_acf_changed":false,"footnotes":""},"class_list":["post-22","page","type-page","status-publish","hentry"],"acf":[],"_links":{"self":[{"href":"http:\/\/hotelalf.cz\/en\/wp-json\/wp\/v2\/pages\/22","targetHints":{"allow":["GET"]}}],"collection":[{"href":"http:\/\/hotelalf.cz\/en\/wp-json\/wp\/v2\/pages"}],"about":[{"href":"http:\/\/hotelalf.cz\/en\/wp-json\/wp\/v2\/types\/page"}],"author":[{"embeddable":true,"href":"http:\/\/hotelalf.cz\/en\/wp-json\/wp\/v2\/users\/1"}],"replies":[{"embeddable":true,"href":"http:\/\/hotelalf.cz\/en\/wp-json\/wp\/v2\/comments?post=22"}],"version-history":[{"count":0,"href":"http:\/\/hotelalf.cz\/en\/wp-json\/wp\/v2\/pages\/22\/revisions"}],"wp:attachment":[{"href":"http:\/\/hotelalf.cz\/en\/wp-json\/wp\/v2\/media?parent=22"}],"curies":[{"name":"wp","href":"https:\/\/api.w.org\/{rel}","templated":true}]}}