{"id":1326,"date":"2023-10-20T14:28:25","date_gmt":"2023-10-20T12:28:25","guid":{"rendered":"https:\/\/hotelalf.cz\/?post_type=product&#038;p=1326"},"modified":"2025-01-07T11:59:41","modified_gmt":"2025-01-07T10:59:41","slug":"balicek-bez-wellness-pro-2-osoby-6-noci","status":"publish","type":"product","link":"https:\/\/hotelalf.cz\/en\/product\/balicek-bez-wellness-pro-2-osoby-6-noci\/","title":{"rendered":"Bal\u00ed\u010dek bez wellness pro 2 osoby (6 noc\u00ed)"},"content":{"rendered":"<p>\u2013 3 osoba na p\u0159ist\u00fdlce 900,- K\u010d<br \/>\n\u2013 1 d\u00edt\u011b do 10 let zdarma<br \/>\n\u2013 druh\u00e9 a ka\u017ed\u00e9 dal\u0161\u00ed d\u00edt\u011b \u2013 sleva 50% z pobytu<br \/>\n\u2013 dom\u00e1c\u00ed mazl\u00ed\u010dek 200,- K\u010d\/noc<\/p>\n<p>v cen\u011b bal\u00ed\u010dku: \u2013 dle po\u010dtu noc\u00ed<br \/>\n\u2013 6 x ubytov\u00e1n\u00ed pro 2 osoby<br \/>\n\u2013 6 x sn\u00eddan\u011b formou bufetu<br \/>\n\u2013 6 x ve\u010de\u0159e v\u00fdb\u011br ze t\u0159\u00ed j\u00eddel + pol\u00e9vka<br \/>\n\u2013 vstupy na koupali\u0161t\u011b zdarma ka\u017ed\u00fd den<br \/>\n\u2013 1 x l\u00e1hev v\u00edna v dob\u011b, kdy je zav\u0159en\u00e9 koupali\u0161t\u011b ( \u0159\u00edjen \u2013 kv\u011bten )<br \/>\n\u2013 wellcome drink pro oba<br \/>\n\u2013 1 x l\u00e1hev miner\u00e1ln\u00ed vody na pokoji<\/p>","protected":false},"excerpt":{"rendered":"<p><strong>NA POPT\u00c1VKU<\/strong><\/p>\n<p>\u2013 6 x ubytov\u00e1n\u00ed pro 2 osoby<br \/>\n\u2013 6 x sn\u00eddan\u011b formou bufetu<br \/>\n\u2013 6 x ve\u010de\u0159e v\u00fdb\u011br ze t\u0159\u00ed j\u00eddel + pol\u00e9vka<br \/>\n\u2013 vstupy na koupali\u0161t\u011b zdarma ka\u017ed\u00fd den<br \/>\n\u2013 1 x l\u00e1hev v\u00edna v dob\u011b, kdy je zav\u0159en\u00e9 koupali\u0161t\u011b ( \u0159\u00edjen \u2013 kv\u011bten )<br \/>\n\u2013 wellcome drink pro oba<br \/>\n\u2013 1 x l\u00e1hev miner\u00e1ln\u00ed vody na pokoji<\/p>","protected":false},"featured_media":1146,"template":"","meta":{"_acf_changed":false},"product_brand":[],"product_cat":[18],"product_tag":[],"class_list":{"0":"post-1326","1":"product","2":"type-product","3":"status-publish","4":"has-post-thumbnail","6":"product_cat-nezarazene","8":"first","9":"outofstock","10":"taxable","11":"shipping-taxable","12":"product-type-simple"},"acf":[],"_links":{"self":[{"href":"https:\/\/hotelalf.cz\/en\/wp-json\/wp\/v2\/product\/1326","targetHints":{"allow":["GET"]}}],"collection":[{"href":"https:\/\/hotelalf.cz\/en\/wp-json\/wp\/v2\/product"}],"about":[{"href":"https:\/\/hotelalf.cz\/en\/wp-json\/wp\/v2\/types\/product"}],"wp:featuredmedia":[{"embeddable":true,"href":"https:\/\/hotelalf.cz\/en\/wp-json\/wp\/v2\/media\/1146"}],"wp:attachment":[{"href":"https:\/\/hotelalf.cz\/en\/wp-json\/wp\/v2\/media?parent=1326"}],"wp:term":[{"taxonomy":"product_brand","embeddable":true,"href":"https:\/\/hotelalf.cz\/en\/wp-json\/wp\/v2\/product_brand?post=1326"},{"taxonomy":"product_cat","embeddable":true,"href":"https:\/\/hotelalf.cz\/en\/wp-json\/wp\/v2\/product_cat?post=1326"},{"taxonomy":"product_tag","embeddable":true,"href":"https:\/\/hotelalf.cz\/en\/wp-json\/wp\/v2\/product_tag?post=1326"}],"curies":[{"name":"wp","href":"https:\/\/api.w.org\/{rel}","templated":true}]}}